{"id":224769,"date":"2024-09-08T18:42:34","date_gmt":"2024-09-08T16:42:34","guid":{"rendered":"https:\/\/sunplex.p.macroideas.es\/?page_id=224769"},"modified":"2024-12-23T15:42:35","modified_gmt":"2024-12-23T13:42:35","slug":"servicio1","status":"publish","type":"page","link":"https:\/\/www.sunplex.es\/en\/","title":{"rendered":"Inicio"},"content":{"rendered":"<p>[et_pb_section fb_built=&#8221;1&#8243; admin_label=&#8221;Header&#8221; _builder_version=&#8221;4.27.4&#8243; _module_preset=&#8221;default&#8221; background_color=&#8221;gcid-3cfc8c0c-5557-4a5d-9dab-24e78d615311&#8243; background_image=&#8221;https:\/\/www.sunplex.es\/wp-content\/uploads\/2024\/12\/consulting-22-v2-1.png&#8221; background_size=&#8221;custom&#8221; background_image_width=&#8221;25%&#8221; background_position=&#8221;top_right&#8221; collapsed=&#8221;on&#8221; global_colors_info=&#8221;{%22gcid-3cfc8c0c-5557-4a5d-9dab-24e78d615311%22:%91%22background_color%22%93}&#8221;][et_pb_row _builder_version=&#8221;4.22.0&#8243; _module_preset=&#8221;default&#8221; global_colors_info=&#8221;{}&#8221;][et_pb_column type=&#8221;4_4&#8243; _builder_version=&#8221;4.22.0&#8243; _module_preset=&#8221;default&#8221; global_colors_info=&#8221;{}&#8221;][et_pb_text _builder_version=&#8221;4.22.0&#8243; _module_preset=&#8221;a3fdb8ba-a5cb-40d5-92d5-63ca3b56053f&#8221; max_width=&#8221;800px&#8221; custom_margin=&#8221;||10px||false|false&#8221; global_colors_info=&#8221;{}&#8221;]<\/p>\n<h1>Gesti\u00f3n Integral para tu Tranquilidad<\/h1>\n<p>[\/et_pb_text][et_pb_text _builder_version=&#8221;4.27.4&#8243; _module_preset=&#8221;dc6d5a1f-6af4-407d-9ae8-8af0571c131f&#8221; global_colors_info=&#8221;{}&#8221;]<\/p>\n<p>Soluciones integrales en asesor\u00eda laboral, fiscal y contable adaptadas a tu medida<\/p>\n<p>[\/et_pb_text][et_pb_button button_url=&#8221;\/contacto&#8221; button_text=&#8221;Contacta con nosotros&#8221; _builder_version=&#8221;4.27.4&#8243; _module_preset=&#8221;c29611a1-bce2-4e4c-9f99-c5dbbd9ff932&#8243; global_colors_info=&#8221;{}&#8221;][\/et_pb_button][\/et_pb_column][\/et_pb_row][et_pb_row column_structure=&#8221;1_2,1_2&#8243; _builder_version=&#8221;4.27.4&#8243; _module_preset=&#8221;default&#8221; global_colors_info=&#8221;{}&#8221;][et_pb_column type=&#8221;1_2&#8243; _builder_version=&#8221;4.27.4&#8243; _module_preset=&#8221;default&#8221; background_color=&#8221;rgba(235,239,0,0.63)&#8221; custom_padding=&#8221;30px|30px|30px|30px|true|true&#8221; custom_padding_tablet=&#8221;30px|30px|30px|30px|true|true&#8221; custom_padding_phone=&#8221;20px|20px|20px|20px|true|true&#8221; custom_padding_last_edited=&#8221;on|phone&#8221; border_radii=&#8221;on|30px|30px|30px|30px&#8221; global_colors_info=&#8221;{}&#8221;][et_pb_image src=&#8221;https:\/\/www.sunplex.es\/wp-content\/uploads\/2024\/12\/unnamed-scaled.jpg&#8221; title_text=&#8221;unnamed&#8221; _builder_version=&#8221;4.27.4&#8243; _module_preset=&#8221;default&#8221; mix_blend_mode=&#8221;overlay&#8221; border_radii=&#8221;on|200px|200px|200px|200px&#8221; global_colors_info=&#8221;{}&#8221;][\/et_pb_image][\/et_pb_column][et_pb_column type=&#8221;1_2&#8243; _builder_version=&#8221;4.27.4&#8243; _module_preset=&#8221;default&#8221; background_color=&#8221;#26aae1&#8243; custom_padding=&#8221;30px|30px|30px|30px|true|true&#8221; custom_padding_tablet=&#8221;30px|30px|30px|30px|true|true&#8221; custom_padding_phone=&#8221;20px|20px|20px|20px|true|true&#8221; custom_padding_last_edited=&#8221;on|phone&#8221; border_radii=&#8221;on|30px|30px|30px|30px&#8221; global_colors_info=&#8221;{}&#8221;][et_pb_image src=&#8221;https:\/\/sunplex.es\/wp-content\/uploads\/2024\/11\/image_50420993-scaled.jpg&#8221; title_text=&#8221;image_50420993&#8243; _builder_version=&#8221;4.27.4&#8243; _module_preset=&#8221;default&#8221; mix_blend_mode=&#8221;overlay&#8221; border_radii=&#8221;on|200px|200px|200px|200px&#8221; global_colors_info=&#8221;{}&#8221;][\/et_pb_image][\/et_pb_column][\/et_pb_row][\/et_pb_section][et_pb_section fb_built=&#8221;1&#8243; specialty=&#8221;on&#8221; admin_label=&#8221;Features&#8221; _builder_version=&#8221;4.22.0&#8243; _module_preset=&#8221;default&#8221; background_color=&#8221;gcid-3cfc8c0c-5557-4a5d-9dab-24e78d615311&#8243; collapsed=&#8221;on&#8221; global_colors_info=&#8221;{%22gcid-3cfc8c0c-5557-4a5d-9dab-24e78d615311%22:%91%22background_color%22%93}&#8221;][et_pb_column type=&#8221;1_2&#8243; _builder_version=&#8221;4.16&#8243; _module_preset=&#8221;default&#8221; custom_padding=&#8221;|||&#8221; global_colors_info=&#8221;{}&#8221; custom_padding__hover=&#8221;|||&#8221;][et_pb_text _builder_version=&#8221;4.22.0&#8243; _module_preset=&#8221;3a2e8191-4dcf-4514-8f39-b0ec964e1873&#8243; global_colors_info=&#8221;{}&#8221;]<\/p>\n<h2>Asesor\u00eda integral personalizada para guiar tu empresa hacia el \u00e9xito y crecimiento<\/h2>\n<p>[\/et_pb_text][\/et_pb_column][et_pb_column type=&#8221;1_2&#8243; specialty_columns=&#8221;2&#8243; _builder_version=&#8221;4.16&#8243; _module_preset=&#8221;default&#8221; custom_padding=&#8221;|||&#8221; global_colors_info=&#8221;{}&#8221; custom_padding__hover=&#8221;|||&#8221;][et_pb_row_inner _builder_version=&#8221;4.22.0&#8243; _module_preset=&#8221;default&#8221; global_colors_info=&#8221;{}&#8221;][et_pb_column_inner saved_specialty_column_type=&#8221;1_2&#8243; _builder_version=&#8221;4.22.0&#8243; _module_preset=&#8221;default&#8221; global_colors_info=&#8221;{}&#8221;][et_pb_text _builder_version=&#8221;4.22.0&#8243; _module_preset=&#8221;dc6d5a1f-6af4-407d-9ae8-8af0571c131f&#8221; global_colors_info=&#8221;{}&#8221;]<\/p>\n<p>Somos tu equipo de confianza en asesor\u00eda laboral, fiscal y contable, ofreciendo soluciones personalizadas con experiencia y profesionalidad. Nos comprometemos a estar a tu lado en cada paso, garantizando un servicio integral que optimiza y protege el futuro de tu negocio.<\/p>\n<p>[\/et_pb_text][\/et_pb_column_inner][\/et_pb_row_inner][et_pb_row_inner column_structure=&#8221;1_2,1_2&#8243; _builder_version=&#8221;4.22.0&#8243; _module_preset=&#8221;default&#8221; global_colors_info=&#8221;{}&#8221;][et_pb_column_inner type=&#8221;1_2&#8243; saved_specialty_column_type=&#8221;1_2&#8243; _builder_version=&#8221;4.22.0&#8243; _module_preset=&#8221;default&#8221; global_colors_info=&#8221;{}&#8221;][et_pb_image src=&#8221;https:\/\/www.sunplex.es\/wp-content\/uploads\/2024\/12\/consulting-29-v2.png&#8221; title_text=&#8221;consulting-29-v2&#8243; _builder_version=&#8221;4.27.4&#8243; _module_preset=&#8221;default&#8221; max_width=&#8221;100px&#8221; max_height=&#8221;48px&#8221; global_colors_info=&#8221;{}&#8221;][\/et_pb_image][et_pb_text _builder_version=&#8221;4.27.4&#8243; _module_preset=&#8221;d3b01aa4-dc36-40a5-a0cd-bb12ad264ae4&#8243; custom_margin=&#8221;||0px||false|false&#8221; global_colors_info=&#8221;{}&#8221;]<\/p>\n<h5>Experiencia y compromiso<\/h5>\n<p>[\/et_pb_text][et_pb_text _builder_version=&#8221;4.27.4&#8243; _module_preset=&#8221;c44aae13-eaa3-45e8-bf95-3c03e457e00c&#8221; global_colors_info=&#8221;{}&#8221;]<\/p>\n<p>Amplia experiencia asesorando empresas con excelencia y profesionalidad, adapt\u00e1ndonos a cada cliente para garantizar su tranquilidad y crecimiento.<\/p>\n<p>[\/et_pb_text][\/et_pb_column_inner][et_pb_column_inner type=&#8221;1_2&#8243; saved_specialty_column_type=&#8221;1_2&#8243; _builder_version=&#8221;4.22.0&#8243; _module_preset=&#8221;default&#8221; global_colors_info=&#8221;{}&#8221;][et_pb_image src=&#8221;https:\/\/www.sunplex.es\/wp-content\/uploads\/2024\/12\/consulting-32-v2.png&#8221; title_text=&#8221;consulting-32-v2&#8243; _builder_version=&#8221;4.27.4&#8243; _module_preset=&#8221;default&#8221; max_width=&#8221;100px&#8221; max_height=&#8221;48px&#8221; locked=&#8221;off&#8221; global_colors_info=&#8221;{}&#8221;][\/et_pb_image][et_pb_text _builder_version=&#8221;4.27.4&#8243; _module_preset=&#8221;d3b01aa4-dc36-40a5-a0cd-bb12ad264ae4&#8243; custom_margin=&#8221;||0px||false|false&#8221; global_colors_info=&#8221;{}&#8221;]<\/p>\n<h5>Soluciones personalizadas<\/h5>\n<p>[\/et_pb_text][et_pb_text _builder_version=&#8221;4.22.0&#8243; _module_preset=&#8221;c44aae13-eaa3-45e8-bf95-3c03e457e00c&#8221; global_colors_info=&#8221;{}&#8221;]<\/p>\n<p>Analizamos las necesidades espec\u00edficas de tu negocio para ofrecerte el mejor asesoramiento, siempre actualizado y orientado a resultados.<\/p>\n<p>[\/et_pb_text][\/et_pb_column_inner][\/et_pb_row_inner][\/et_pb_column][\/et_pb_section][et_pb_section fb_built=&#8221;1&#8243; admin_label=&#8221;Services&#8221; _builder_version=&#8221;4.22.0&#8243; _module_preset=&#8221;default&#8221; background_color=&#8221;gcid-8a774e07-7ffa-496d-a3ae-ed0f5be735c7&#8243; saved_tabs=&#8221;all&#8221; collapsed=&#8221;on&#8221; global_colors_info=&#8221;{%22gcid-8a774e07-7ffa-496d-a3ae-ed0f5be735c7%22:%91%22background_color%22%93}&#8221;][et_pb_row _builder_version=&#8221;4.21.0&#8243; _module_preset=&#8221;default&#8221; global_colors_info=&#8221;{}&#8221;][et_pb_column type=&#8221;4_4&#8243; _builder_version=&#8221;4.21.0&#8243; _module_preset=&#8221;default&#8221; global_colors_info=&#8221;{}&#8221;][et_pb_text _builder_version=&#8221;4.27.4&#8243; _module_preset=&#8221;afdd41aa-2965-4eb6-ab76-98700c1dc0ef&#8221; header_4_text_color=&#8221;gcid-1392a260-4be5-41ea-8980-92b4f6ec249c&#8221; global_colors_info=&#8221;{%22gcid-1392a260-4be5-41ea-8980-92b4f6ec249c%22:%91%22header_4_text_color%22%93}&#8221;]<\/p>\n<h4>Nuestros servicios<\/h4>\n<p>[\/et_pb_text][et_pb_text _builder_version=&#8221;4.22.0&#8243; _module_preset=&#8221;ba814bb3-974b-4d49-a996-ae806ae5ed42&#8243; header_3_text_color=&#8221;#FFFFFF&#8221; max_width=&#8221;800px&#8221; global_colors_info=&#8221;{}&#8221;]<\/p>\n<h3>Soluciones que Impulsan tu \u00c9xito<\/h3>\n<p>[\/et_pb_text][\/et_pb_column][\/et_pb_row][et_pb_row column_structure=&#8221;1_3,1_3,1_3&#8243; _builder_version=&#8221;4.22.0&#8243; _module_preset=&#8221;default&#8221; global_colors_info=&#8221;{}&#8221;][et_pb_column type=&#8221;1_3&#8243; _builder_version=&#8221;4.22.0&#8243; _module_preset=&#8221;default&#8221; background_color=&#8221;gcid-650921a2-2eba-4283-a6e6-fb2ffa7ca9ad&#8221; overflow-x=&#8221;visible&#8221; overflow-y=&#8221;visible&#8221; custom_padding=&#8221;30px|30px|30px|30px|true|true&#8221; custom_padding_tablet=&#8221;30px|30px|30px|30px|true|true&#8221; custom_padding_phone=&#8221;20px|20px|20px|20px|true|true&#8221; custom_padding_last_edited=&#8221;on|phone&#8221; border_radii=&#8221;on|30px|30px|30px|30px&#8221; global_colors_info=&#8221;{%22gcid-650921a2-2eba-4283-a6e6-fb2ffa7ca9ad%22:%91%22background_color%22%93}&#8221;][et_pb_text _builder_version=&#8221;4.21.0&#8243; _module_preset=&#8221;afdd41aa-2965-4eb6-ab76-98700c1dc0ef&#8221; header_4_text_color=&#8221;#FFFFFF&#8221; custom_margin=&#8221;||10px||false|false&#8221; global_colors_info=&#8221;{}&#8221;]<\/p>\n<h4>SERVICIOS LABORALES<\/h4>\n<p>[\/et_pb_text][et_pb_image src=&#8221;https:\/\/www.sunplex.es\/wp-content\/uploads\/2024\/12\/consulting-20-v2-1.png&#8221; title_text=&#8221;consulting-20-v2&#8243; _builder_version=&#8221;4.27.4&#8243; _module_preset=&#8221;default&#8221; custom_margin=&#8221;||60px|-16%|false|false&#8221; hover_enabled=&#8221;0&#8243; global_colors_info=&#8221;{}&#8221; sticky_enabled=&#8221;0&#8243;][\/et_pb_image][et_pb_text _builder_version=&#8221;4.21.0&#8243; _module_preset=&#8221;d3b01aa4-dc36-40a5-a0cd-bb12ad264ae4&#8243; header_5_text_color=&#8221;#FFFFFF&#8221; custom_margin=&#8221;||10px||false|false&#8221; global_colors_info=&#8221;{}&#8221;]<\/p>\n<h5>Gesti\u00f3n de personal<\/h5>\n<p>[\/et_pb_text][et_pb_text _builder_version=&#8221;4.21.0&#8243; _module_preset=&#8221;c44aae13-eaa3-45e8-bf95-3c03e457e00c&#8221; text_text_color=&#8221;rgba(255,255,255,0.7)&#8221; global_colors_info=&#8221;{}&#8221;]<\/p>\n<p>Manejamos todos los tr\u00e1mites relacionados con tus empleados, desde contratos y n\u00f3minas hasta gestiones con la Seguridad Social.<\/p>\n<p>[\/et_pb_text][\/et_pb_column][et_pb_column type=&#8221;1_3&#8243; _builder_version=&#8221;4.21.0&#8243; _module_preset=&#8221;default&#8221; background_color=&#8221;gcid-650921a2-2eba-4283-a6e6-fb2ffa7ca9ad&#8221; overflow-x=&#8221;visible&#8221; overflow-y=&#8221;visible&#8221; custom_padding=&#8221;30px|30px|30px|30px|true|true&#8221; custom_padding_tablet=&#8221;30px|30px|30px|30px|true|true&#8221; custom_padding_phone=&#8221;20px|20px|20px|20px|true|true&#8221; custom_padding_last_edited=&#8221;on|phone&#8221; border_radii=&#8221;on|30px|30px|30px|30px&#8221; global_colors_info=&#8221;{%22gcid-650921a2-2eba-4283-a6e6-fb2ffa7ca9ad%22:%91%22background_color%22,%22background_color%22%93}&#8221;][et_pb_text _builder_version=&#8221;4.21.0&#8243; _module_preset=&#8221;afdd41aa-2965-4eb6-ab76-98700c1dc0ef&#8221; header_4_text_color=&#8221;#FFFFFF&#8221; custom_margin=&#8221;||10px||false|false&#8221; global_colors_info=&#8221;{}&#8221;]<\/p>\n<h4>GESTI\u00d3N FISCAL<\/h4>\n<p>[\/et_pb_text][et_pb_image src=&#8221;https:\/\/www.sunplex.es\/wp-content\/uploads\/2024\/12\/consulting-19b-v2-1.png&#8221; title_text=&#8221;consulting-19b-v2&#8243; _builder_version=&#8221;4.27.4&#8243; _module_preset=&#8221;default&#8221; custom_margin=&#8221;||60px|-16%|false|false&#8221; hover_enabled=&#8221;0&#8243; global_colors_info=&#8221;{}&#8221; sticky_enabled=&#8221;0&#8243;][\/et_pb_image][et_pb_text _builder_version=&#8221;4.21.0&#8243; _module_preset=&#8221;d3b01aa4-dc36-40a5-a0cd-bb12ad264ae4&#8243; header_5_text_color=&#8221;#FFFFFF&#8221; custom_margin=&#8221;||10px||false|false&#8221; global_colors_info=&#8221;{}&#8221;]<\/p>\n<h5>Optimizaci\u00f3n tributaria<\/h5>\n<p>[\/et_pb_text][et_pb_text _builder_version=&#8221;4.21.0&#8243; _module_preset=&#8221;c44aae13-eaa3-45e8-bf95-3c03e457e00c&#8221; text_text_color=&#8221;rgba(255,255,255,0.7)&#8221; global_colors_info=&#8221;{}&#8221;]<\/p>\n<p>Asesoramiento continuo y presentaci\u00f3n de todas tus declaraciones fiscales, garantizando el cumplimiento de tus obligaciones tributarias.<\/p>\n<p>[\/et_pb_text][\/et_pb_column][et_pb_column type=&#8221;1_3&#8243; _builder_version=&#8221;4.21.0&#8243; _module_preset=&#8221;default&#8221; background_color=&#8221;gcid-650921a2-2eba-4283-a6e6-fb2ffa7ca9ad&#8221; overflow-x=&#8221;visible&#8221; overflow-y=&#8221;visible&#8221; custom_padding=&#8221;30px|30px|30px|30px|true|true&#8221; custom_padding_tablet=&#8221;30px|30px|30px|30px|true|true&#8221; custom_padding_phone=&#8221;20px|20px|20px|20px|true|true&#8221; custom_padding_last_edited=&#8221;on|phone&#8221; border_radii=&#8221;on|30px|30px|30px|30px&#8221; global_colors_info=&#8221;{%22gcid-650921a2-2eba-4283-a6e6-fb2ffa7ca9ad%22:%91%22background_color%22,%22background_color%22%93}&#8221;][et_pb_text _builder_version=&#8221;4.21.0&#8243; _module_preset=&#8221;afdd41aa-2965-4eb6-ab76-98700c1dc0ef&#8221; header_4_text_color=&#8221;#FFFFFF&#8221; custom_margin=&#8221;||10px||false|false&#8221; global_colors_info=&#8221;{}&#8221;]<\/p>\n<h4>GESTI\u00d3N CONTABLE<\/h4>\n<p>[\/et_pb_text][et_pb_image src=&#8221;https:\/\/www.sunplex.es\/wp-content\/uploads\/2024\/12\/consulting-21b-v2.png&#8221; title_text=&#8221;consulting-21b-v2&#8243; _builder_version=&#8221;4.27.4&#8243; _module_preset=&#8221;default&#8221; custom_margin=&#8221;||60px|-16%|false|false&#8221; global_colors_info=&#8221;{}&#8221;][\/et_pb_image][et_pb_text _builder_version=&#8221;4.21.0&#8243; _module_preset=&#8221;d3b01aa4-dc36-40a5-a0cd-bb12ad264ae4&#8243; header_5_text_color=&#8221;#FFFFFF&#8221; custom_margin=&#8221;||10px||false|false&#8221; global_colors_info=&#8221;{}&#8221;]<\/p>\n<h5>Control financiero<\/h5>\n<p>[\/et_pb_text][et_pb_text _builder_version=&#8221;4.21.0&#8243; _module_preset=&#8221;c44aae13-eaa3-45e8-bf95-3c03e457e00c&#8221; text_text_color=&#8221;rgba(255,255,255,0.7)&#8221; global_colors_info=&#8221;{}&#8221;]<\/p>\n<p>Supervisamos y gestionamos tu contabilidad completa, desde balances hasta cuentas anuales, proporcionando informaci\u00f3n clara y actualizada.<\/p>\n<p>[\/et_pb_text][\/et_pb_column][\/et_pb_row][\/et_pb_section][et_pb_section fb_built=&#8221;1&#8243; make_equal=&#8221;on&#8221; specialty=&#8221;on&#8221; background_color_1=&#8221;#FFFFFF&#8221; bg_img_2=&#8221;https:\/\/sunplex.es\/wp-content\/uploads\/2024\/09\/consulting-10.jpg&#8221; admin_label=&#8221;Features&#8221; _builder_version=&#8221;4.22.0&#8243; _module_preset=&#8221;default&#8221; background_color=&#8221;gcid-3cfc8c0c-5557-4a5d-9dab-24e78d615311&#8243; saved_tabs=&#8221;all&#8221; collapsed=&#8221;on&#8221; global_colors_info=&#8221;{%22gcid-3cfc8c0c-5557-4a5d-9dab-24e78d615311%22:%91%22background_color%22%93}&#8221;][et_pb_column type=&#8221;2_3&#8243; specialty_columns=&#8221;2&#8243; _builder_version=&#8221;4.16&#8243; _module_preset=&#8221;default&#8221; custom_padding=&#8221;|||&#8221; global_colors_info=&#8221;{}&#8221; custom_padding__hover=&#8221;|||&#8221;][et_pb_row_inner custom_padding_last_edited=&#8221;on|tablet&#8221; _builder_version=&#8221;4.22.0&#8243; _module_preset=&#8221;default&#8221; custom_padding=&#8221;60px|60px|0px|60px|false|true&#8221; custom_padding_tablet=&#8221;30px|30px||30px|false|true&#8221; custom_padding_phone=&#8221;20px|20px||20px|false|true&#8221; global_colors_info=&#8221;{}&#8221;][et_pb_column_inner saved_specialty_column_type=&#8221;2_3&#8243; _builder_version=&#8221;4.22.0&#8243; _module_preset=&#8221;default&#8221; global_colors_info=&#8221;{}&#8221;][et_pb_text _builder_version=&#8221;4.22.0&#8243; _module_preset=&#8221;3a2e8191-4dcf-4514-8f39-b0ec964e1873&#8243; global_colors_info=&#8221;{}&#8221;]<\/p>\n<h2>Metodolog\u00eda y excelencia profesional<\/h2>\n<p>[\/et_pb_text][\/et_pb_column_inner][\/et_pb_row_inner][et_pb_row_inner column_structure=&#8221;1_2,1_2&#8243; custom_padding_last_edited=&#8221;on|tablet&#8221; _builder_version=&#8221;4.22.0&#8243; _module_preset=&#8221;default&#8221; custom_padding=&#8221;|60px|60px|60px|false|true&#8221; custom_padding_tablet=&#8221;|30px|30px|30px|false|true&#8221; custom_padding_phone=&#8221;|20px|20px|20px|false|true&#8221; global_colors_info=&#8221;{}&#8221;][et_pb_column_inner type=&#8221;1_2&#8243; saved_specialty_column_type=&#8221;2_3&#8243; _builder_version=&#8221;4.22.0&#8243; _module_preset=&#8221;default&#8221; global_colors_info=&#8221;{}&#8221;][et_pb_text _builder_version=&#8221;4.22.0&#8243; _module_preset=&#8221;d3b01aa4-dc36-40a5-a0cd-bb12ad264ae4&#8243; custom_margin=&#8221;||0px||false|false&#8221; global_colors_info=&#8221;{}&#8221;]<\/p>\n<h5>Formaci\u00f3n continua y actualizaci\u00f3n<\/h5>\n<p>[\/et_pb_text][et_pb_text _builder_version=&#8221;4.22.0&#8243; _module_preset=&#8221;c44aae13-eaa3-45e8-bf95-3c03e457e00c&#8221; global_colors_info=&#8221;{}&#8221;]<\/p>\n<p>Nuestro equipo profesional se mantiene constantemente al d\u00eda con las \u00faltimas normativas y regulaciones para garantizar un asesoramiento preciso y actualizado.<\/p>\n<p>[\/et_pb_text][\/et_pb_column_inner][et_pb_column_inner type=&#8221;1_2&#8243; saved_specialty_column_type=&#8221;2_3&#8243; _builder_version=&#8221;4.22.0&#8243; _module_preset=&#8221;default&#8221; global_colors_info=&#8221;{}&#8221;][et_pb_text _builder_version=&#8221;4.22.0&#8243; _module_preset=&#8221;d3b01aa4-dc36-40a5-a0cd-bb12ad264ae4&#8243; custom_margin=&#8221;||0px||false|false&#8221; global_colors_info=&#8221;{}&#8221;]<\/p>\n<h5>An\u00e1lisis personalizado de datos<\/h5>\n<p>[\/et_pb_text][et_pb_text _builder_version=&#8221;4.22.0&#8243; _module_preset=&#8221;c44aae13-eaa3-45e8-bf95-3c03e457e00c&#8221; global_colors_info=&#8221;{}&#8221;]<\/p>\n<p>Estudiamos minuciosamente la informaci\u00f3n espec\u00edfica de cada cliente para desarrollar estrategias \u00f3ptimas adaptadas a sus necesidades particulares.<\/p>\n<p>[\/et_pb_text][\/et_pb_column_inner][\/et_pb_row_inner][\/et_pb_column][et_pb_column type=&#8221;1_3&#8243; _builder_version=&#8221;4.16&#8243; _module_preset=&#8221;default&#8221; custom_padding=&#8221;|||&#8221; global_colors_info=&#8221;{}&#8221; custom_padding__hover=&#8221;|||&#8221;][et_pb_divider show_divider=&#8221;off&#8221; _builder_version=&#8221;4.22.0&#8243; _module_preset=&#8221;default&#8221; height_tablet=&#8221;40vw&#8221; height_phone=&#8221;40vw&#8221; height_last_edited=&#8221;on|desktop&#8221; global_colors_info=&#8221;{}&#8221;][\/et_pb_divider][\/et_pb_column][\/et_pb_section]<\/p>\n","protected":false},"excerpt":{"rendered":"<p>Asesor\u00eda laboral, fiscal y contable Sunplex. Ofrecemos soluciones integrales y personalizadas para empresas y aut\u00f3nomos, garantizando un servicio profesional y de calidad en Alca\u00f1iz y el Bajo Arag\u00f3n.<\/p>\n","protected":false},"author":1,"featured_media":0,"parent":0,"menu_order":0,"comment_status":"closed","ping_status":"closed","template":"","meta":{"_et_pb_use_builder":"on","_et_pb_old_content":"","_et_gb_content_width":"","footnotes":""},"class_list":["post-224769","page","type-page","status-publish","hentry"],"yoast_head":"<!-- This site is optimized with the Yoast SEO plugin v27.3 - https:\/\/yoast.com\/product\/yoast-seo-wordpress\/ -->\n<title>Inicio<\/title>\n<meta name=\"robots\" content=\"index, follow, max-snippet:-1, max-image-preview:large, max-video-preview:-1\" \/>\n<link rel=\"canonical\" href=\"https:\/\/www.sunplex.es\/en\/\" \/>\n<meta property=\"og:locale\" content=\"en_US\" \/>\n<meta property=\"og:locale:alternate\" content=\"es_ES\" \/>\n<meta property=\"og:type\" content=\"article\" \/>\n<meta property=\"og:title\" content=\"Inicio\" \/>\n<meta property=\"og:description\" content=\"Asesor\u00eda laboral, fiscal y contable Sunplex. Ofrecemos soluciones integrales y personalizadas para empresas y aut\u00f3nomos, garantizando un servicio profesional y de calidad en Alca\u00f1iz y el Bajo Arag\u00f3n.\" \/>\n<meta property=\"og:url\" content=\"https:\/\/www.sunplex.es\/en\/\" \/>\n<meta property=\"og:site_name\" content=\"sunplex\" \/>\n<meta property=\"article:modified_time\" content=\"2024-12-23T13:42:35+00:00\" \/>\n<meta name=\"twitter:card\" content=\"summary_large_image\" \/>\n<meta name=\"twitter:label1\" content=\"Est. reading time\" \/>\n\t<meta name=\"twitter:data1\" content=\"11 minutes\" \/>\n<script type=\"application\/ld+json\" class=\"yoast-schema-graph\">{\"@context\":\"https:\\\/\\\/schema.org\",\"@graph\":[{\"@type\":\"WebPage\",\"@id\":\"https:\\\/\\\/www.sunplex.es\\\/\",\"url\":\"https:\\\/\\\/www.sunplex.es\\\/\",\"name\":\"Inicio\",\"isPartOf\":{\"@id\":\"https:\\\/\\\/www.sunplex.es\\\/en\\\/#website\"},\"datePublished\":\"2024-09-08T16:42:34+00:00\",\"dateModified\":\"2024-12-23T13:42:35+00:00\",\"breadcrumb\":{\"@id\":\"https:\\\/\\\/www.sunplex.es\\\/#breadcrumb\"},\"inLanguage\":\"en-US\",\"potentialAction\":[{\"@type\":\"ReadAction\",\"target\":[\"https:\\\/\\\/www.sunplex.es\\\/\"]}]},{\"@type\":\"BreadcrumbList\",\"@id\":\"https:\\\/\\\/www.sunplex.es\\\/#breadcrumb\",\"itemListElement\":[{\"@type\":\"ListItem\",\"position\":1,\"name\":\"Portada\",\"item\":\"https:\\\/\\\/www.sunplex.es\\\/\"},{\"@type\":\"ListItem\",\"position\":2,\"name\":\"Inicio\"}]},{\"@type\":\"WebSite\",\"@id\":\"https:\\\/\\\/www.sunplex.es\\\/en\\\/#website\",\"url\":\"https:\\\/\\\/www.sunplex.es\\\/en\\\/\",\"name\":\"sunplex\",\"description\":\"servicios sectoriales\",\"potentialAction\":[{\"@type\":\"SearchAction\",\"target\":{\"@type\":\"EntryPoint\",\"urlTemplate\":\"https:\\\/\\\/www.sunplex.es\\\/en\\\/?s={search_term_string}\"},\"query-input\":{\"@type\":\"PropertyValueSpecification\",\"valueRequired\":true,\"valueName\":\"search_term_string\"}}],\"inLanguage\":\"en-US\"}]}<\/script>\n<!-- \/ Yoast SEO plugin. -->","yoast_head_json":{"title":"Inicio","robots":{"index":"index","follow":"follow","max-snippet":"max-snippet:-1","max-image-preview":"max-image-preview:large","max-video-preview":"max-video-preview:-1"},"canonical":"https:\/\/www.sunplex.es\/en\/","og_locale":"en_US","og_type":"article","og_title":"[:es]Inicio[:] - sunplex","og_description":"Asesor\u00eda laboral, fiscal y contable Sunplex. Ofrecemos soluciones integrales y personalizadas para empresas y aut\u00f3nomos, garantizando un servicio profesional y de calidad en Alca\u00f1iz y el Bajo Arag\u00f3n.","og_url":"https:\/\/www.sunplex.es\/en\/","og_site_name":"sunplex","article_modified_time":"2024-12-23T13:42:35+00:00","twitter_card":"summary_large_image","twitter_misc":{"Est. reading time":"11 minutes"},"schema":{"@context":"https:\/\/schema.org","@graph":[{"@type":"WebPage","@id":"https:\/\/www.sunplex.es\/","url":"https:\/\/www.sunplex.es\/","name":"Inicio","isPartOf":{"@id":"https:\/\/www.sunplex.es\/en\/#website"},"datePublished":"2024-09-08T16:42:34+00:00","dateModified":"2024-12-23T13:42:35+00:00","breadcrumb":{"@id":"https:\/\/www.sunplex.es\/#breadcrumb"},"inLanguage":"en-US","potentialAction":[{"@type":"ReadAction","target":["https:\/\/www.sunplex.es\/"]}]},{"@type":"BreadcrumbList","@id":"https:\/\/www.sunplex.es\/#breadcrumb","itemListElement":[{"@type":"ListItem","position":1,"name":"Portada","item":"https:\/\/www.sunplex.es\/"},{"@type":"ListItem","position":2,"name":"Inicio"}]},{"@type":"WebSite","@id":"https:\/\/www.sunplex.es\/en\/#website","url":"https:\/\/www.sunplex.es\/en\/","name":"sunplex","description":"servicios sectoriales","potentialAction":[{"@type":"SearchAction","target":{"@type":"EntryPoint","urlTemplate":"https:\/\/www.sunplex.es\/en\/?s={search_term_string}"},"query-input":{"@type":"PropertyValueSpecification","valueRequired":true,"valueName":"search_term_string"}}],"inLanguage":"en-US"}]}},"_links":{"self":[{"href":"https:\/\/www.sunplex.es\/en\/wp-json\/wp\/v2\/pages\/224769","targetHints":{"allow":["GET"]}}],"collection":[{"href":"https:\/\/www.sunplex.es\/en\/wp-json\/wp\/v2\/pages"}],"about":[{"href":"https:\/\/www.sunplex.es\/en\/wp-json\/wp\/v2\/types\/page"}],"author":[{"embeddable":true,"href":"https:\/\/www.sunplex.es\/en\/wp-json\/wp\/v2\/users\/1"}],"replies":[{"embeddable":true,"href":"https:\/\/www.sunplex.es\/en\/wp-json\/wp\/v2\/comments?post=224769"}],"version-history":[{"count":18,"href":"https:\/\/www.sunplex.es\/en\/wp-json\/wp\/v2\/pages\/224769\/revisions"}],"predecessor-version":[{"id":224905,"href":"https:\/\/www.sunplex.es\/en\/wp-json\/wp\/v2\/pages\/224769\/revisions\/224905"}],"wp:attachment":[{"href":"https:\/\/www.sunplex.es\/en\/wp-json\/wp\/v2\/media?parent=224769"}],"curies":[{"name":"wp","href":"https:\/\/api.w.org\/{rel}","templated":true}]}}