{"id":224763,"date":"2024-09-08T18:39:49","date_gmt":"2024-09-08T16:39:49","guid":{"rendered":"https:\/\/sunplex.p.macroideas.es\/?page_id=224763"},"modified":"2024-12-23T15:41:21","modified_gmt":"2024-12-23T13:41:21","slug":"contacto","status":"publish","type":"page","link":"https:\/\/www.sunplex.es\/en\/contacto\/","title":{"rendered":"Contacto"},"content":{"rendered":"<p>[et_pb_section fb_built=&#8221;1&#8243; admin_label=&#8221;Header &#038; Contact Info&#8221; _builder_version=&#8221;4.22.0&#8243; _module_preset=&#8221;default&#8221; overflow-x=&#8221;hidden&#8221; overflow-y=&#8221;hidden&#8221; collapsed=&#8221;on&#8221; global_colors_info=&#8221;{}&#8221;][et_pb_row column_structure=&#8221;1_2,1_2&#8243; make_equal=&#8221;on&#8221; _builder_version=&#8221;4.22.0&#8243; _module_preset=&#8221;default&#8221; custom_padding=&#8221;||0px|||&#8221; global_colors_info=&#8221;{}&#8221;][et_pb_column type=&#8221;1_2&#8243; _builder_version=&#8221;4.22.0&#8243; _module_preset=&#8221;default&#8221; global_colors_info=&#8221;{}&#8221;][et_pb_text _builder_version=&#8221;4.22.0&#8243; _module_preset=&#8221;5ea75bb2-5092-4031-97d6-b2fe05776f03&#8243; custom_margin=&#8221;||10px||false|false&#8221; global_colors_info=&#8221;{}&#8221;]<\/p>\n<h1>Contacta con nosotros<\/h1>\n<p>[\/et_pb_text][\/et_pb_column][et_pb_column type=&#8221;1_2&#8243; _builder_version=&#8221;4.22.0&#8243; _module_preset=&#8221;default&#8221; global_colors_info=&#8221;{}&#8221;][\/et_pb_column][\/et_pb_row][et_pb_row column_structure=&#8221;1_2,1_2&#8243; make_equal=&#8221;on&#8221; _builder_version=&#8221;4.22.0&#8243; _module_preset=&#8221;default&#8221; custom_padding=&#8221;0px|||||&#8221; global_colors_info=&#8221;{}&#8221;][et_pb_column type=&#8221;1_2&#8243; _builder_version=&#8221;4.22.0&#8243; _module_preset=&#8221;default&#8221; global_colors_info=&#8221;{}&#8221;][et_pb_text _builder_version=&#8221;4.27.4&#8243; _module_preset=&#8221;7577d756-3683-4413-a74d-c5bb52fd1c19&#8243; global_colors_info=&#8221;{}&#8221;]<\/p>\n<p>\u00bfNecesitas asesoramiento profesional? Ponte en contacto con nosotros y descubre c\u00f3mo podemos ayudarte a optimizar y hacer crecer tu negocio.<\/p>\n<p>[\/et_pb_text][et_pb_contact_form captcha=&#8221;off&#8221; _builder_version=&#8221;4.27.4&#8243; _module_preset=&#8221;4e699286-8d0c-4483-8a33-614691c573cf&#8221; locked=&#8221;off&#8221; global_colors_info=&#8221;{}&#8221;][et_pb_contact_field field_id=&#8221;Nombre&#8221; field_title=&#8221;Nombre&#8221; fullwidth_field=&#8221;on&#8221; _builder_version=&#8221;4.27.4&#8243; _module_preset=&#8221;default&#8221; global_colors_info=&#8221;{}&#8221; button_text_size__hover_enabled=&#8221;off&#8221; button_one_text_size__hover_enabled=&#8221;off&#8221; button_two_text_size__hover_enabled=&#8221;off&#8221; button_text_color__hover_enabled=&#8221;off&#8221; button_one_text_color__hover_enabled=&#8221;off&#8221; button_two_text_color__hover_enabled=&#8221;off&#8221; button_border_width__hover_enabled=&#8221;off&#8221; button_one_border_width__hover_enabled=&#8221;off&#8221; button_two_border_width__hover_enabled=&#8221;off&#8221; button_border_color__hover_enabled=&#8221;off&#8221; button_one_border_color__hover_enabled=&#8221;off&#8221; button_two_border_color__hover_enabled=&#8221;off&#8221; button_border_radius__hover_enabled=&#8221;off&#8221; button_one_border_radius__hover_enabled=&#8221;off&#8221; button_two_border_radius__hover_enabled=&#8221;off&#8221; button_letter_spacing__hover_enabled=&#8221;off&#8221; button_one_letter_spacing__hover_enabled=&#8221;off&#8221; button_two_letter_spacing__hover_enabled=&#8221;off&#8221; button_bg_color__hover_enabled=&#8221;off&#8221; button_one_bg_color__hover_enabled=&#8221;off&#8221; button_two_bg_color__hover_enabled=&#8221;off&#8221;][\/et_pb_contact_field][et_pb_contact_field field_id=&#8221;Email&#8221; field_title=&#8221;Email&#8221; field_type=&#8221;email&#8221; fullwidth_field=&#8221;on&#8221; _builder_version=&#8221;4.27.4&#8243; _module_preset=&#8221;default&#8221; global_colors_info=&#8221;{}&#8221; button_text_size__hover_enabled=&#8221;off&#8221; button_one_text_size__hover_enabled=&#8221;off&#8221; button_two_text_size__hover_enabled=&#8221;off&#8221; button_text_color__hover_enabled=&#8221;off&#8221; button_one_text_color__hover_enabled=&#8221;off&#8221; button_two_text_color__hover_enabled=&#8221;off&#8221; button_border_width__hover_enabled=&#8221;off&#8221; button_one_border_width__hover_enabled=&#8221;off&#8221; button_two_border_width__hover_enabled=&#8221;off&#8221; button_border_color__hover_enabled=&#8221;off&#8221; button_one_border_color__hover_enabled=&#8221;off&#8221; button_two_border_color__hover_enabled=&#8221;off&#8221; button_border_radius__hover_enabled=&#8221;off&#8221; button_one_border_radius__hover_enabled=&#8221;off&#8221; button_two_border_radius__hover_enabled=&#8221;off&#8221; button_letter_spacing__hover_enabled=&#8221;off&#8221; button_one_letter_spacing__hover_enabled=&#8221;off&#8221; button_two_letter_spacing__hover_enabled=&#8221;off&#8221; button_bg_color__hover_enabled=&#8221;off&#8221; button_one_bg_color__hover_enabled=&#8221;off&#8221; button_two_bg_color__hover_enabled=&#8221;off&#8221;][\/et_pb_contact_field][et_pb_contact_field field_id=&#8221;Telefono&#8221; field_title=&#8221;Tel\u00e9fono&#8221; allowed_symbols=&#8221;numbers&#8221; required_mark=&#8221;off&#8221; fullwidth_field=&#8221;on&#8221; _builder_version=&#8221;4.27.4&#8243; _module_preset=&#8221;default&#8221; global_colors_info=&#8221;{}&#8221;][\/et_pb_contact_field][et_pb_contact_field field_id=&#8221;Mensaje&#8221; field_title=&#8221;Mensaje&#8221; field_type=&#8221;text&#8221; fullwidth_field=&#8221;on&#8221; _builder_version=&#8221;4.27.4&#8243; _module_preset=&#8221;default&#8221; global_colors_info=&#8221;{}&#8221; button_text_size__hover_enabled=&#8221;off&#8221; button_one_text_size__hover_enabled=&#8221;off&#8221; button_two_text_size__hover_enabled=&#8221;off&#8221; button_text_color__hover_enabled=&#8221;off&#8221; button_one_text_color__hover_enabled=&#8221;off&#8221; button_two_text_color__hover_enabled=&#8221;off&#8221; button_border_width__hover_enabled=&#8221;off&#8221; button_one_border_width__hover_enabled=&#8221;off&#8221; button_two_border_width__hover_enabled=&#8221;off&#8221; button_border_color__hover_enabled=&#8221;off&#8221; button_one_border_color__hover_enabled=&#8221;off&#8221; button_two_border_color__hover_enabled=&#8221;off&#8221; button_border_radius__hover_enabled=&#8221;off&#8221; button_one_border_radius__hover_enabled=&#8221;off&#8221; button_two_border_radius__hover_enabled=&#8221;off&#8221; button_letter_spacing__hover_enabled=&#8221;off&#8221; button_one_letter_spacing__hover_enabled=&#8221;off&#8221; button_two_letter_spacing__hover_enabled=&#8221;off&#8221; button_bg_color__hover_enabled=&#8221;off&#8221; button_one_bg_color__hover_enabled=&#8221;off&#8221; button_two_bg_color__hover_enabled=&#8221;off&#8221;][\/et_pb_contact_field][\/et_pb_contact_form][\/et_pb_column][et_pb_column type=&#8221;1_2&#8243; _builder_version=&#8221;4.22.0&#8243; _module_preset=&#8221;default&#8221; custom_padding=&#8221;||18vw||false|false&#8221; global_colors_info=&#8221;{}&#8221;][et_pb_blurb title=&#8221;Tel\u00e9fono&#8221; use_icon=&#8221;on&#8221; font_icon=&#8221;&#xe090;||divi||400&#8243; _builder_version=&#8221;4.27.4&#8243; _module_preset=&#8221;439229aa-f162-4b6c-98b9-975541979712&#8243; locked=&#8221;off&#8221; global_colors_info=&#8221;{}&#8221;]<\/p>\n<p><span><span class=\"LrzXr zdqRlf kno-fv\">978 83 42 23<\/span><\/span><\/p>\n<p>[\/et_pb_blurb][et_pb_blurb title=&#8221;Direcci\u00f3n&#8221; use_icon=&#8221;on&#8221; font_icon=&#8221;&#xf59f;||fa||900&#8243; _builder_version=&#8221;4.27.4&#8243; _module_preset=&#8221;439229aa-f162-4b6c-98b9-975541979712&#8243; locked=&#8221;off&#8221; global_colors_info=&#8221;{}&#8221;]<\/p>\n<p><span class=\"LrzXr\">C. Belmonte de San Jos\u00e9, 14, 44600 Alca\u00f1iz, Teruel<\/span><\/p>\n<p>[\/et_pb_blurb][et_pb_image src=&#8221;https:\/\/www.sunplex.es\/wp-content\/uploads\/2024\/12\/consulting-36-v2.png&#8221; title_text=&#8221;consulting-36-v2&#8243; _builder_version=&#8221;4.27.4&#8243; _module_preset=&#8221;default&#8221; positioning=&#8221;absolute&#8221; position_origin_a=&#8221;bottom_left&#8221; position_origin_a_tablet=&#8221;bottom_left&#8221; position_origin_a_phone=&#8221;bottom_left&#8221; position_origin_a_last_edited=&#8221;on|desktop&#8221; position_origin_f_tablet=&#8221;&#8221; position_origin_f_phone=&#8221;&#8221; position_origin_f_last_edited=&#8221;on|desktop&#8221; position_origin_r_tablet=&#8221;&#8221; position_origin_r_phone=&#8221;&#8221; position_origin_r_last_edited=&#8221;on|desktop&#8221; custom_margin=&#8221;|-20vw|||false|false&#8221; hover_enabled=&#8221;0&#8243; positioning_tablet=&#8221;none&#8221; positioning_phone=&#8221;none&#8221; positioning_last_edited=&#8221;on|desktop&#8221; global_colors_info=&#8221;{}&#8221; sticky_enabled=&#8221;0&#8243;][\/et_pb_image][\/et_pb_column][\/et_pb_row][\/et_pb_section]<\/p>\n","protected":false},"excerpt":{"rendered":"<p>Ponte en contacto con los expertos de Sunplex. Solicita informaci\u00f3n sobre nuestros servicios de asesor\u00eda laboral, fiscal y contable. Estamos aqu\u00ed para ayudarte.<\/p>\n","protected":false},"author":1,"featured_media":0,"parent":0,"menu_order":0,"comment_status":"closed","ping_status":"closed","template":"","meta":{"_et_pb_use_builder":"on","_et_pb_old_content":"","_et_gb_content_width":"","footnotes":""},"class_list":["post-224763","page","type-page","status-publish","hentry"],"yoast_head":"<!-- This site is optimized with the Yoast SEO plugin v27.3 - https:\/\/yoast.com\/product\/yoast-seo-wordpress\/ -->\n<title>Contacto<\/title>\n<meta name=\"robots\" content=\"index, follow, max-snippet:-1, max-image-preview:large, max-video-preview:-1\" \/>\n<link rel=\"canonical\" href=\"https:\/\/www.sunplex.es\/en\/contacto\/\" \/>\n<meta property=\"og:locale\" content=\"en_US\" \/>\n<meta property=\"og:locale:alternate\" content=\"es_ES\" \/>\n<meta property=\"og:type\" content=\"article\" \/>\n<meta property=\"og:title\" content=\"Contacto\" \/>\n<meta property=\"og:description\" content=\"Ponte en contacto con los expertos de Sunplex. Solicita informaci\u00f3n sobre nuestros servicios de asesor\u00eda laboral, fiscal y contable. Estamos aqu\u00ed para ayudarte.\" \/>\n<meta property=\"og:url\" content=\"https:\/\/www.sunplex.es\/en\/contacto\/\" \/>\n<meta property=\"og:site_name\" content=\"sunplex\" \/>\n<meta property=\"article:modified_time\" content=\"2024-12-23T13:41:21+00:00\" \/>\n<meta name=\"twitter:card\" content=\"summary_large_image\" \/>\n<meta name=\"twitter:label1\" content=\"Est. reading time\" \/>\n\t<meta name=\"twitter:data1\" content=\"5 minutes\" \/>\n<script type=\"application\/ld+json\" class=\"yoast-schema-graph\">{\"@context\":\"https:\\\/\\\/schema.org\",\"@graph\":[{\"@type\":\"WebPage\",\"@id\":\"https:\\\/\\\/www.sunplex.es\\\/contacto\\\/\",\"url\":\"https:\\\/\\\/www.sunplex.es\\\/contacto\\\/\",\"name\":\"Contacto\",\"isPartOf\":{\"@id\":\"https:\\\/\\\/www.sunplex.es\\\/en\\\/#website\"},\"datePublished\":\"2024-09-08T16:39:49+00:00\",\"dateModified\":\"2024-12-23T13:41:21+00:00\",\"breadcrumb\":{\"@id\":\"https:\\\/\\\/www.sunplex.es\\\/contacto\\\/#breadcrumb\"},\"inLanguage\":\"en-US\",\"potentialAction\":[{\"@type\":\"ReadAction\",\"target\":[\"https:\\\/\\\/www.sunplex.es\\\/contacto\\\/\"]}]},{\"@type\":\"BreadcrumbList\",\"@id\":\"https:\\\/\\\/www.sunplex.es\\\/contacto\\\/#breadcrumb\",\"itemListElement\":[{\"@type\":\"ListItem\",\"position\":1,\"name\":\"Portada\",\"item\":\"https:\\\/\\\/www.sunplex.es\\\/\"},{\"@type\":\"ListItem\",\"position\":2,\"name\":\"Contacto\"}]},{\"@type\":\"WebSite\",\"@id\":\"https:\\\/\\\/www.sunplex.es\\\/en\\\/#website\",\"url\":\"https:\\\/\\\/www.sunplex.es\\\/en\\\/\",\"name\":\"sunplex\",\"description\":\"servicios sectoriales\",\"potentialAction\":[{\"@type\":\"SearchAction\",\"target\":{\"@type\":\"EntryPoint\",\"urlTemplate\":\"https:\\\/\\\/www.sunplex.es\\\/en\\\/?s={search_term_string}\"},\"query-input\":{\"@type\":\"PropertyValueSpecification\",\"valueRequired\":true,\"valueName\":\"search_term_string\"}}],\"inLanguage\":\"en-US\"}]}<\/script>\n<!-- \/ Yoast SEO plugin. -->","yoast_head_json":{"title":"Contacto","robots":{"index":"index","follow":"follow","max-snippet":"max-snippet:-1","max-image-preview":"max-image-preview:large","max-video-preview":"max-video-preview:-1"},"canonical":"https:\/\/www.sunplex.es\/en\/contacto\/","og_locale":"en_US","og_type":"article","og_title":"[:es]Contacto[:] - sunplex","og_description":"Ponte en contacto con los expertos de Sunplex. Solicita informaci\u00f3n sobre nuestros servicios de asesor\u00eda laboral, fiscal y contable. Estamos aqu\u00ed para ayudarte.","og_url":"https:\/\/www.sunplex.es\/en\/contacto\/","og_site_name":"sunplex","article_modified_time":"2024-12-23T13:41:21+00:00","twitter_card":"summary_large_image","twitter_misc":{"Est. reading time":"5 minutes"},"schema":{"@context":"https:\/\/schema.org","@graph":[{"@type":"WebPage","@id":"https:\/\/www.sunplex.es\/contacto\/","url":"https:\/\/www.sunplex.es\/contacto\/","name":"Contacto","isPartOf":{"@id":"https:\/\/www.sunplex.es\/en\/#website"},"datePublished":"2024-09-08T16:39:49+00:00","dateModified":"2024-12-23T13:41:21+00:00","breadcrumb":{"@id":"https:\/\/www.sunplex.es\/contacto\/#breadcrumb"},"inLanguage":"en-US","potentialAction":[{"@type":"ReadAction","target":["https:\/\/www.sunplex.es\/contacto\/"]}]},{"@type":"BreadcrumbList","@id":"https:\/\/www.sunplex.es\/contacto\/#breadcrumb","itemListElement":[{"@type":"ListItem","position":1,"name":"Portada","item":"https:\/\/www.sunplex.es\/"},{"@type":"ListItem","position":2,"name":"Contacto"}]},{"@type":"WebSite","@id":"https:\/\/www.sunplex.es\/en\/#website","url":"https:\/\/www.sunplex.es\/en\/","name":"sunplex","description":"servicios sectoriales","potentialAction":[{"@type":"SearchAction","target":{"@type":"EntryPoint","urlTemplate":"https:\/\/www.sunplex.es\/en\/?s={search_term_string}"},"query-input":{"@type":"PropertyValueSpecification","valueRequired":true,"valueName":"search_term_string"}}],"inLanguage":"en-US"}]}},"_links":{"self":[{"href":"https:\/\/www.sunplex.es\/en\/wp-json\/wp\/v2\/pages\/224763","targetHints":{"allow":["GET"]}}],"collection":[{"href":"https:\/\/www.sunplex.es\/en\/wp-json\/wp\/v2\/pages"}],"about":[{"href":"https:\/\/www.sunplex.es\/en\/wp-json\/wp\/v2\/types\/page"}],"author":[{"embeddable":true,"href":"https:\/\/www.sunplex.es\/en\/wp-json\/wp\/v2\/users\/1"}],"replies":[{"embeddable":true,"href":"https:\/\/www.sunplex.es\/en\/wp-json\/wp\/v2\/comments?post=224763"}],"version-history":[{"count":8,"href":"https:\/\/www.sunplex.es\/en\/wp-json\/wp\/v2\/pages\/224763\/revisions"}],"predecessor-version":[{"id":224902,"href":"https:\/\/www.sunplex.es\/en\/wp-json\/wp\/v2\/pages\/224763\/revisions\/224902"}],"wp:attachment":[{"href":"https:\/\/www.sunplex.es\/en\/wp-json\/wp\/v2\/media?parent=224763"}],"curies":[{"name":"wp","href":"https:\/\/api.w.org\/{rel}","templated":true}]}}