{"id":224744,"date":"2024-09-08T18:38:00","date_gmt":"2024-09-08T16:38:00","guid":{"rendered":"https:\/\/sunplex.p.macroideas.es\/?page_id=224744"},"modified":"2024-12-23T15:46:24","modified_gmt":"2024-12-23T13:46:24","slug":"nosotros","status":"publish","type":"page","link":"https:\/\/www.sunplex.es\/en\/nosotros\/","title":{"rendered":"Sobre Nosotros"},"content":{"rendered":"<p>[et_pb_section fb_built=&#8221;1&#8243; admin_label=&#8221;Header &#038; Video&#8221; _builder_version=&#8221;4.22.0&#8243; _module_preset=&#8221;default&#8221; background_color=&#8221;gcid-3cfc8c0c-5557-4a5d-9dab-24e78d615311&#8243; use_background_color_gradient=&#8221;on&#8221; background_color_gradient_stops=&#8221;gcid-3cfc8c0c-5557-4a5d-9dab-24e78d615311 75%|gcid-8a774e07-7ffa-496d-a3ae-ed0f5be735c7 75%&#8221; collapsed=&#8221;on&#8221; global_colors_info=&#8221;{%22gcid-3cfc8c0c-5557-4a5d-9dab-24e78d615311%22:%91%22background_color%22,%22background_color_gradient_stops%22%93,%22gcid-650921a2-2eba-4283-a6e6-fb2ffa7ca9ad%22:%91%22background_color_gradient_stops%22%93,%22gcid-8a774e07-7ffa-496d-a3ae-ed0f5be735c7%22:%91%22background_color_gradient_stops%22%93}&#8221;][et_pb_row column_structure=&#8221;3_4,1_4&#8243; _builder_version=&#8221;4.22.0&#8243; _module_preset=&#8221;default&#8221; global_colors_info=&#8221;{}&#8221;][et_pb_column type=&#8221;3_4&#8243; _builder_version=&#8221;4.22.0&#8243; _module_preset=&#8221;default&#8221; global_colors_info=&#8221;{}&#8221;][et_pb_text _builder_version=&#8221;4.22.0&#8243; _module_preset=&#8221;5b8770ef-d732-4b92-bd86-9c7219a37de5&#8243; custom_margin=&#8221;||10px||false|false&#8221; global_colors_info=&#8221;{}&#8221;]<\/p>\n<h1>Sobre Nosotros<\/h1>\n<p>[\/et_pb_text][et_pb_text _builder_version=&#8221;4.22.0&#8243; _module_preset=&#8221;aee0b697-e99b-429b-b4e7-a09c662f62c8&#8243; global_colors_info=&#8221;{}&#8221;]<\/p>\n<h3>En Sunplex nos comprometemos a ser tu aliado estrat\u00e9gico en el camino hacia tus objetivos empresariales. Nuestra especialidad es proporcionar soluciones innovadoras dise\u00f1adas espec\u00edficamente para los retos particulares de tu negocio.<\/h3>\n<p>[\/et_pb_text][\/et_pb_column][et_pb_column type=&#8221;1_4&#8243; _builder_version=&#8221;4.22.0&#8243; _module_preset=&#8221;default&#8221; global_colors_info=&#8221;{}&#8221;][\/et_pb_column][\/et_pb_row][et_pb_row column_structure=&#8221;1_4,3_4&#8243; _builder_version=&#8221;4.22.0&#8243; _module_preset=&#8221;default&#8221; global_colors_info=&#8221;{}&#8221;][et_pb_column type=&#8221;1_4&#8243; _builder_version=&#8221;4.22.0&#8243; _module_preset=&#8221;default&#8221; global_colors_info=&#8221;{}&#8221;][\/et_pb_column][et_pb_column type=&#8221;3_4&#8243; _builder_version=&#8221;4.22.0&#8243; _module_preset=&#8221;default&#8221; global_colors_info=&#8221;{}&#8221;][et_pb_image src=&#8221;https:\/\/sunplex.es\/wp-content\/uploads\/2024\/11\/image_50420993-scaled.jpg&#8221; title_text=&#8221;image_50420993&#8243; _builder_version=&#8221;4.27.4&#8243; _module_preset=&#8221;default&#8221; border_radii=&#8221;on|40px|40px|40px|40px&#8221; box_shadow_style=&#8221;preset3&#8243; global_colors_info=&#8221;{}&#8221;][\/et_pb_image][\/et_pb_column][\/et_pb_row][\/et_pb_section][et_pb_section fb_built=&#8221;1&#8243; admin_label=&#8221;Services&#8221; _builder_version=&#8221;4.22.0&#8243; _module_preset=&#8221;default&#8221; background_color=&#8221;gcid-8a774e07-7ffa-496d-a3ae-ed0f5be735c7&#8243; collapsed=&#8221;on&#8221; global_colors_info=&#8221;{%22gcid-8a774e07-7ffa-496d-a3ae-ed0f5be735c7%22:%91%22background_color%22%93}&#8221;][et_pb_row _builder_version=&#8221;4.21.0&#8243; _module_preset=&#8221;default&#8221; global_colors_info=&#8221;{}&#8221;][et_pb_column type=&#8221;4_4&#8243; _builder_version=&#8221;4.21.0&#8243; _module_preset=&#8221;default&#8221; global_colors_info=&#8221;{}&#8221;][et_pb_text _builder_version=&#8221;4.27.4&#8243; _module_preset=&#8221;c49617a6-3f47-43a7-ab4b-7fb11dbcf8bd&#8221; header_4_text_color=&#8221;gcid-8c8ec2a5-170b-4f45-b8e5-66e7efcb0585&#8243; global_colors_info=&#8221;{%22gcid-8c8ec2a5-170b-4f45-b8e5-66e7efcb0585%22:%91%22header_4_text_color%22%93}&#8221;]<\/p>\n<h4>principios fundamentales<\/h4>\n<p>[\/et_pb_text][et_pb_text _builder_version=&#8221;4.22.0&#8243; _module_preset=&#8221;3cdc94d4-100b-4eae-94d6-40e04d5fa696&#8243; header_2_text_color=&#8221;#FFFFFF&#8221; max_width=&#8221;800px&#8221; global_colors_info=&#8221;{}&#8221;]<\/p>\n<h2>Construyendo confianza en cada paso<\/h2>\n<p>[\/et_pb_text][\/et_pb_column][\/et_pb_row][et_pb_row column_structure=&#8221;1_4,1_4,1_4,1_4&#8243; _builder_version=&#8221;4.22.0&#8243; _module_preset=&#8221;default&#8221; global_colors_info=&#8221;{}&#8221;][et_pb_column type=&#8221;1_4&#8243; _builder_version=&#8221;4.22.0&#8243; _module_preset=&#8221;default&#8221; overflow-x=&#8221;visible&#8221; overflow-y=&#8221;visible&#8221; global_colors_info=&#8221;{}&#8221;][et_pb_image src=&#8221;https:\/\/www.sunplex.es\/wp-content\/uploads\/2024\/12\/consulting-29-v2.png&#8221; title_text=&#8221;consulting-29-v2&#8243; _builder_version=&#8221;4.27.4&#8243; _module_preset=&#8221;default&#8221; max_width=&#8221;100px&#8221; max_height=&#8221;48px&#8221; hover_enabled=&#8221;0&#8243; global_colors_info=&#8221;{}&#8221; sticky_enabled=&#8221;0&#8243;][\/et_pb_image][et_pb_text _builder_version=&#8221;4.27.4&#8243; _module_preset=&#8221;4d01fe4f-7945-4d07-a069-102eb341880f&#8221; header_5_text_color=&#8221;#FFFFFF&#8221; custom_margin=&#8221;||10px||false|false&#8221; global_colors_info=&#8221;{}&#8221;]<\/p>\n<h5>Compromiso<\/h5>\n<p>[\/et_pb_text][et_pb_text _builder_version=&#8221;4.22.0&#8243; _module_preset=&#8221;96014c56-f674-4868-a091-da303ae559e4&#8243; text_text_color=&#8221;rgba(255,255,255,0.7)&#8221; global_colors_info=&#8221;{}&#8221;]<\/p>\n<p>Dedicaci\u00f3n total a las necesidades de nuestros clientes, ofreciendo seguimiento constante y soluciones efectivas para cada situaci\u00f3n empresarial.<\/p>\n<p>[\/et_pb_text][\/et_pb_column][et_pb_column type=&#8221;1_4&#8243; _builder_version=&#8221;4.22.0&#8243; _module_preset=&#8221;default&#8221; overflow-x=&#8221;visible&#8221; overflow-y=&#8221;visible&#8221; global_colors_info=&#8221;{}&#8221;][et_pb_image src=&#8221;https:\/\/www.sunplex.es\/wp-content\/uploads\/2024\/12\/consulting-30-v2.png&#8221; title_text=&#8221;consulting-30-v2&#8243; _builder_version=&#8221;4.27.4&#8243; _module_preset=&#8221;default&#8221; max_width=&#8221;100px&#8221; max_height=&#8221;48px&#8221; hover_enabled=&#8221;0&#8243; locked=&#8221;off&#8221; global_colors_info=&#8221;{}&#8221; sticky_enabled=&#8221;0&#8243;][\/et_pb_image][et_pb_text _builder_version=&#8221;4.22.0&#8243; _module_preset=&#8221;4d01fe4f-7945-4d07-a069-102eb341880f&#8221; header_5_text_color=&#8221;#FFFFFF&#8221; custom_margin=&#8221;||10px||false|false&#8221; global_colors_info=&#8221;{}&#8221;]<\/p>\n<h5>Excelencia<\/h5>\n<p>[\/et_pb_text][et_pb_text _builder_version=&#8221;4.22.0&#8243; _module_preset=&#8221;96014c56-f674-4868-a091-da303ae559e4&#8243; text_text_color=&#8221;rgba(255,255,255,0.7)&#8221; global_colors_info=&#8221;{}&#8221;]<\/p>\n<p>Buscamos la m\u00e1xima calidad en cada servicio, manteni\u00e9ndonos actualizados y aplicando las mejores pr\u00e1cticas en asesor\u00eda empresarial.<\/p>\n<p>[\/et_pb_text][\/et_pb_column][et_pb_column type=&#8221;1_4&#8243; _builder_version=&#8221;4.22.0&#8243; _module_preset=&#8221;default&#8221; overflow-x=&#8221;visible&#8221; overflow-y=&#8221;visible&#8221; global_colors_info=&#8221;{}&#8221;][et_pb_image src=&#8221;https:\/\/www.sunplex.es\/wp-content\/uploads\/2024\/12\/consulting-31-v2.png&#8221; title_text=&#8221;consulting-31-v2&#8243; _builder_version=&#8221;4.27.4&#8243; _module_preset=&#8221;default&#8221; max_width=&#8221;100px&#8221; max_height=&#8221;48px&#8221; hover_enabled=&#8221;0&#8243; locked=&#8221;off&#8221; global_colors_info=&#8221;{}&#8221; sticky_enabled=&#8221;0&#8243;][\/et_pb_image][et_pb_text _builder_version=&#8221;4.22.0&#8243; _module_preset=&#8221;4d01fe4f-7945-4d07-a069-102eb341880f&#8221; header_5_text_color=&#8221;#FFFFFF&#8221; custom_margin=&#8221;||10px||false|false&#8221; global_colors_info=&#8221;{}&#8221;]<\/p>\n<h5>Transparencia<\/h5>\n<p>[\/et_pb_text][et_pb_text _builder_version=&#8221;4.22.0&#8243; _module_preset=&#8221;96014c56-f674-4868-a091-da303ae559e4&#8243; text_text_color=&#8221;rgba(255,255,255,0.7)&#8221; global_colors_info=&#8221;{}&#8221;]<\/p>\n<p>Comunicaci\u00f3n clara y directa con nuestros clientes, garantizando informaci\u00f3n precisa y comprensible en cada gesti\u00f3n y decisi\u00f3n.<\/p>\n<p>[\/et_pb_text][\/et_pb_column][et_pb_column type=&#8221;1_4&#8243; _builder_version=&#8221;4.22.0&#8243; _module_preset=&#8221;default&#8221; overflow-x=&#8221;visible&#8221; overflow-y=&#8221;visible&#8221; global_colors_info=&#8221;{}&#8221;][et_pb_image src=&#8221;https:\/\/www.sunplex.es\/wp-content\/uploads\/2024\/12\/consulting-32-v2.png&#8221; title_text=&#8221;consulting-32-v2&#8243; _builder_version=&#8221;4.27.4&#8243; _module_preset=&#8221;default&#8221; max_width=&#8221;100px&#8221; max_height=&#8221;48px&#8221; hover_enabled=&#8221;0&#8243; locked=&#8221;off&#8221; global_colors_info=&#8221;{}&#8221; sticky_enabled=&#8221;0&#8243;][\/et_pb_image][et_pb_text _builder_version=&#8221;4.27.4&#8243; _module_preset=&#8221;4d01fe4f-7945-4d07-a069-102eb341880f&#8221; header_5_text_color=&#8221;#FFFFFF&#8221; custom_margin=&#8221;||10px||false|false&#8221; global_colors_info=&#8221;{}&#8221;]<\/p>\n<h5>Innovaci\u00f3n<\/h5>\n<p>[\/et_pb_text][et_pb_text _builder_version=&#8221;4.22.0&#8243; _module_preset=&#8221;96014c56-f674-4868-a091-da303ae559e4&#8243; text_text_color=&#8221;rgba(255,255,255,0.7)&#8221; global_colors_info=&#8221;{}&#8221;]<\/p>\n<p>Implementamos soluciones actualizadas y m\u00e9todos optimizados, adapt\u00e1ndonos constantemente a las nuevas necesidades del entorno empresarial.<\/p>\n<p>[\/et_pb_text][\/et_pb_column][\/et_pb_row][\/et_pb_section][et_pb_section fb_built=&#8221;1&#8243; admin_label=&#8221;About&#8221; _builder_version=&#8221;4.22.0&#8243; _module_preset=&#8221;default&#8221; background_color=&#8221;gcid-3cfc8c0c-5557-4a5d-9dab-24e78d615311&#8243; collapsed=&#8221;on&#8221; global_colors_info=&#8221;{%22gcid-3cfc8c0c-5557-4a5d-9dab-24e78d615311%22:%91%22background_color%22%93}&#8221;][et_pb_row _builder_version=&#8221;4.22.0&#8243; _module_preset=&#8221;default&#8221; locked=&#8221;off&#8221; global_colors_info=&#8221;{}&#8221;][et_pb_column type=&#8221;4_4&#8243; _builder_version=&#8221;4.22.0&#8243; _module_preset=&#8221;default&#8221; global_colors_info=&#8221;{}&#8221;][et_pb_text _builder_version=&#8221;4.27.4&#8243; _module_preset=&#8221;c49617a6-3f47-43a7-ab4b-7fb11dbcf8bd&#8221; header_4_text_color=&#8221;gcid-8c8ec2a5-170b-4f45-b8e5-66e7efcb0585&#8243; global_colors_info=&#8221;{%22gcid-8c8ec2a5-170b-4f45-b8e5-66e7efcb0585%22:%91%22header_4_text_color%22%93}&#8221;]<\/p>\n<h4>Nuestro enfoque<\/h4>\n<p>[\/et_pb_text][et_pb_text _builder_version=&#8221;4.22.0&#8243; _module_preset=&#8221;3cdc94d4-100b-4eae-94d6-40e04d5fa696&#8243; max_width=&#8221;800px&#8221; global_colors_info=&#8221;{}&#8221;]<\/p>\n<h2>Impulsando tu \u00e9xito mediante soluciones personalizadas<\/h2>\n<p>[\/et_pb_text][\/et_pb_column][\/et_pb_row][et_pb_row column_structure=&#8221;1_2,1_4,1_4&#8243; make_equal=&#8221;on&#8221; _builder_version=&#8221;4.22.0&#8243; _module_preset=&#8221;default&#8221; global_colors_info=&#8221;{}&#8221;][et_pb_column type=&#8221;1_2&#8243; _builder_version=&#8221;4.22.0&#8243; _module_preset=&#8221;default&#8221; background_color=&#8221;#FFFFFF&#8221; custom_padding=&#8221;40px|40px|40px|40px|true|true&#8221; custom_padding_tablet=&#8221;30px|30px|30px|30px|true|true&#8221; custom_padding_phone=&#8221;20px|20px|20px|20px|true|true&#8221; custom_padding_last_edited=&#8221;on|tablet&#8221; global_colors_info=&#8221;{}&#8221;][et_pb_text _builder_version=&#8221;4.27.4&#8243; _module_preset=&#8221;9eb4bd58-2ca2-4c78-9d6b-136860957e15&#8243; global_colors_info=&#8221;{}&#8221;]<\/p>\n<p>En Sunplex entendemos que cada empresa es \u00fanica, con sus propias oportunidades y desaf\u00edos. Nuestro enfoque se centra en comprender profundamente tus necesidades espec\u00edficas, objetivos y retos. Mediante un an\u00e1lisis detallado de tu situaci\u00f3n, un conocimiento exhaustivo de la normativa vigente y una amplia experiencia en el sector, desarrollamos estrategias personalizadas que se alinean con los objetivos de tu negocio.<\/p>\n<p>[\/et_pb_text][\/et_pb_column][et_pb_column type=&#8221;1_4&#8243; _builder_version=&#8221;4.22.0&#8243; _module_preset=&#8221;default&#8221; background_image=&#8221;https:\/\/sunplex.es\/wp-content\/uploads\/2024\/09\/consulting-7.jpg&#8221; border_radii=&#8221;on|3vw|3vw|3vw|3vw&#8221; global_colors_info=&#8221;{}&#8221;][et_pb_divider show_divider=&#8221;off&#8221; _builder_version=&#8221;4.22.0&#8243; _module_preset=&#8221;default&#8221; height_tablet=&#8221;40vw&#8221; height_phone=&#8221;40vw&#8221; height_last_edited=&#8221;on|desktop&#8221; locked=&#8221;off&#8221; global_colors_info=&#8221;{}&#8221;][\/et_pb_divider][\/et_pb_column][et_pb_column type=&#8221;1_4&#8243; _builder_version=&#8221;4.22.0&#8243; _module_preset=&#8221;default&#8221; background_image=&#8221;https:\/\/sunplex.es\/wp-content\/uploads\/2024\/09\/consulting-13.jpg&#8221; border_radii=&#8221;on|3vw|3vw|3vw|3vw&#8221; global_colors_info=&#8221;{}&#8221;][et_pb_divider show_divider=&#8221;off&#8221; _builder_version=&#8221;4.22.0&#8243; _module_preset=&#8221;default&#8221; height_tablet=&#8221;40vw&#8221; height_phone=&#8221;40vw&#8221; height_last_edited=&#8221;on|desktop&#8221; locked=&#8221;off&#8221; global_colors_info=&#8221;{}&#8221;][\/et_pb_divider][\/et_pb_column][\/et_pb_row][\/et_pb_section]<\/p>\n","protected":false},"excerpt":{"rendered":"<p>Conoce a Sunplex, tu asesor\u00eda de confianza. Compromiso, experiencia y profesionalidad nos avalan. Especialistas en ofrecer soluciones personalizadas para el \u00e9xito de tu empresa.<\/p>\n","protected":false},"author":1,"featured_media":0,"parent":0,"menu_order":0,"comment_status":"closed","ping_status":"closed","template":"","meta":{"_et_pb_use_builder":"on","_et_pb_old_content":"","_et_gb_content_width":"","footnotes":""},"class_list":["post-224744","page","type-page","status-publish","hentry"],"yoast_head":"<!-- This site is optimized with the Yoast SEO plugin v27.3 - https:\/\/yoast.com\/product\/yoast-seo-wordpress\/ -->\n<title>Sobre Nosotros<\/title>\n<meta name=\"robots\" content=\"index, follow, max-snippet:-1, max-image-preview:large, max-video-preview:-1\" \/>\n<link rel=\"canonical\" href=\"https:\/\/www.sunplex.es\/en\/nosotros\/\" \/>\n<meta property=\"og:locale\" content=\"en_US\" \/>\n<meta property=\"og:locale:alternate\" content=\"es_ES\" \/>\n<meta property=\"og:type\" content=\"article\" \/>\n<meta property=\"og:title\" content=\"Sobre Nosotros\" \/>\n<meta property=\"og:description\" content=\"Conoce a Sunplex, tu asesor\u00eda de confianza. Compromiso, experiencia y profesionalidad nos avalan. Especialistas en ofrecer soluciones personalizadas para el \u00e9xito de tu empresa.\" \/>\n<meta property=\"og:url\" content=\"https:\/\/www.sunplex.es\/en\/nosotros\/\" \/>\n<meta property=\"og:site_name\" content=\"sunplex\" \/>\n<meta property=\"article:modified_time\" content=\"2024-12-23T13:46:24+00:00\" \/>\n<meta name=\"twitter:card\" content=\"summary_large_image\" \/>\n<meta name=\"twitter:label1\" content=\"Est. reading time\" \/>\n\t<meta name=\"twitter:data1\" content=\"7 minutes\" \/>\n<script type=\"application\/ld+json\" class=\"yoast-schema-graph\">{\"@context\":\"https:\\\/\\\/schema.org\",\"@graph\":[{\"@type\":\"WebPage\",\"@id\":\"https:\\\/\\\/www.sunplex.es\\\/nosotros\\\/\",\"url\":\"https:\\\/\\\/www.sunplex.es\\\/nosotros\\\/\",\"name\":\"Sobre Nosotros\",\"isPartOf\":{\"@id\":\"https:\\\/\\\/www.sunplex.es\\\/en\\\/#website\"},\"datePublished\":\"2024-09-08T16:38:00+00:00\",\"dateModified\":\"2024-12-23T13:46:24+00:00\",\"breadcrumb\":{\"@id\":\"https:\\\/\\\/www.sunplex.es\\\/nosotros\\\/#breadcrumb\"},\"inLanguage\":\"en-US\",\"potentialAction\":[{\"@type\":\"ReadAction\",\"target\":[\"https:\\\/\\\/www.sunplex.es\\\/nosotros\\\/\"]}]},{\"@type\":\"BreadcrumbList\",\"@id\":\"https:\\\/\\\/www.sunplex.es\\\/nosotros\\\/#breadcrumb\",\"itemListElement\":[{\"@type\":\"ListItem\",\"position\":1,\"name\":\"Portada\",\"item\":\"https:\\\/\\\/www.sunplex.es\\\/\"},{\"@type\":\"ListItem\",\"position\":2,\"name\":\"Sobre Nosotros\"}]},{\"@type\":\"WebSite\",\"@id\":\"https:\\\/\\\/www.sunplex.es\\\/en\\\/#website\",\"url\":\"https:\\\/\\\/www.sunplex.es\\\/en\\\/\",\"name\":\"sunplex\",\"description\":\"servicios sectoriales\",\"potentialAction\":[{\"@type\":\"SearchAction\",\"target\":{\"@type\":\"EntryPoint\",\"urlTemplate\":\"https:\\\/\\\/www.sunplex.es\\\/en\\\/?s={search_term_string}\"},\"query-input\":{\"@type\":\"PropertyValueSpecification\",\"valueRequired\":true,\"valueName\":\"search_term_string\"}}],\"inLanguage\":\"en-US\"}]}<\/script>\n<!-- \/ Yoast SEO plugin. -->","yoast_head_json":{"title":"Sobre Nosotros","robots":{"index":"index","follow":"follow","max-snippet":"max-snippet:-1","max-image-preview":"max-image-preview:large","max-video-preview":"max-video-preview:-1"},"canonical":"https:\/\/www.sunplex.es\/en\/nosotros\/","og_locale":"en_US","og_type":"article","og_title":"[:es]Sobre Nosotros[:] - sunplex","og_description":"Conoce a Sunplex, tu asesor\u00eda de confianza. Compromiso, experiencia y profesionalidad nos avalan. Especialistas en ofrecer soluciones personalizadas para el \u00e9xito de tu empresa.","og_url":"https:\/\/www.sunplex.es\/en\/nosotros\/","og_site_name":"sunplex","article_modified_time":"2024-12-23T13:46:24+00:00","twitter_card":"summary_large_image","twitter_misc":{"Est. reading time":"7 minutes"},"schema":{"@context":"https:\/\/schema.org","@graph":[{"@type":"WebPage","@id":"https:\/\/www.sunplex.es\/nosotros\/","url":"https:\/\/www.sunplex.es\/nosotros\/","name":"Sobre Nosotros","isPartOf":{"@id":"https:\/\/www.sunplex.es\/en\/#website"},"datePublished":"2024-09-08T16:38:00+00:00","dateModified":"2024-12-23T13:46:24+00:00","breadcrumb":{"@id":"https:\/\/www.sunplex.es\/nosotros\/#breadcrumb"},"inLanguage":"en-US","potentialAction":[{"@type":"ReadAction","target":["https:\/\/www.sunplex.es\/nosotros\/"]}]},{"@type":"BreadcrumbList","@id":"https:\/\/www.sunplex.es\/nosotros\/#breadcrumb","itemListElement":[{"@type":"ListItem","position":1,"name":"Portada","item":"https:\/\/www.sunplex.es\/"},{"@type":"ListItem","position":2,"name":"Sobre Nosotros"}]},{"@type":"WebSite","@id":"https:\/\/www.sunplex.es\/en\/#website","url":"https:\/\/www.sunplex.es\/en\/","name":"sunplex","description":"servicios sectoriales","potentialAction":[{"@type":"SearchAction","target":{"@type":"EntryPoint","urlTemplate":"https:\/\/www.sunplex.es\/en\/?s={search_term_string}"},"query-input":{"@type":"PropertyValueSpecification","valueRequired":true,"valueName":"search_term_string"}}],"inLanguage":"en-US"}]}},"_links":{"self":[{"href":"https:\/\/www.sunplex.es\/en\/wp-json\/wp\/v2\/pages\/224744","targetHints":{"allow":["GET"]}}],"collection":[{"href":"https:\/\/www.sunplex.es\/en\/wp-json\/wp\/v2\/pages"}],"about":[{"href":"https:\/\/www.sunplex.es\/en\/wp-json\/wp\/v2\/types\/page"}],"author":[{"embeddable":true,"href":"https:\/\/www.sunplex.es\/en\/wp-json\/wp\/v2\/users\/1"}],"replies":[{"embeddable":true,"href":"https:\/\/www.sunplex.es\/en\/wp-json\/wp\/v2\/comments?post=224744"}],"version-history":[{"count":12,"href":"https:\/\/www.sunplex.es\/en\/wp-json\/wp\/v2\/pages\/224744\/revisions"}],"predecessor-version":[{"id":224908,"href":"https:\/\/www.sunplex.es\/en\/wp-json\/wp\/v2\/pages\/224744\/revisions\/224908"}],"wp:attachment":[{"href":"https:\/\/www.sunplex.es\/en\/wp-json\/wp\/v2\/media?parent=224744"}],"curies":[{"name":"wp","href":"https:\/\/api.w.org\/{rel}","templated":true}]}}