{"id":224731,"date":"2024-09-08T18:36:09","date_gmt":"2024-09-08T16:36:09","guid":{"rendered":"https:\/\/sunplex.p.macroideas.es\/?page_id=224731"},"modified":"2024-12-23T15:56:51","modified_gmt":"2024-12-23T13:56:51","slug":"servicios","status":"publish","type":"page","link":"https:\/\/www.sunplex.es\/en\/servicios\/","title":{"rendered":"Servicios"},"content":{"rendered":"<p>[et_pb_section fb_built=&#8221;1&#8243; admin_label=&#8221;Header&#8221; _builder_version=&#8221;4.22.0&#8243; _module_preset=&#8221;default&#8221; collapsed=&#8221;on&#8221; global_colors_info=&#8221;{}&#8221;][et_pb_row _builder_version=&#8221;4.22.0&#8243; _module_preset=&#8221;default&#8221; global_colors_info=&#8221;{}&#8221;][et_pb_column type=&#8221;4_4&#8243; _builder_version=&#8221;4.22.0&#8243; _module_preset=&#8221;default&#8221; global_colors_info=&#8221;{}&#8221;][et_pb_text _builder_version=&#8221;4.22.0&#8243; _module_preset=&#8221;f2bb6dfe-77c9-4a4f-804e-5a00099093a5&#8243; global_colors_info=&#8221;{}&#8221;]<\/p>\n<h1>Nuestros servicios<\/h1>\n<p>[\/et_pb_text][\/et_pb_column][\/et_pb_row][et_pb_row _builder_version=&#8221;4.22.0&#8243; _module_preset=&#8221;default&#8221; width=&#8221;100%&#8221; max_width=&#8221;none&#8221; global_colors_info=&#8221;{}&#8221;][et_pb_column type=&#8221;4_4&#8243; _builder_version=&#8221;4.22.0&#8243; _module_preset=&#8221;default&#8221; global_colors_info=&#8221;{}&#8221;][et_pb_image src=&#8221;https:\/\/www.sunplex.es\/wp-content\/uploads\/2024\/12\/consulting-33-v2.png&#8221; title_text=&#8221;consulting-33-v2&#8243; force_fullwidth=&#8221;on&#8221; _builder_version=&#8221;4.27.4&#8243; _module_preset=&#8221;default&#8221; hover_enabled=&#8221;0&#8243; global_colors_info=&#8221;{}&#8221; sticky_enabled=&#8221;0&#8243;][\/et_pb_image][\/et_pb_column][\/et_pb_row][\/et_pb_section][et_pb_section fb_built=&#8221;1&#8243; admin_label=&#8221;Services&#8221; _builder_version=&#8221;4.22.0&#8243; _module_preset=&#8221;default&#8221; collapsed=&#8221;on&#8221; global_colors_info=&#8221;{}&#8221;][et_pb_row _builder_version=&#8221;4.22.0&#8243; _module_preset=&#8221;default&#8221; locked=&#8221;off&#8221; global_colors_info=&#8221;{}&#8221;][et_pb_column type=&#8221;4_4&#8243; _builder_version=&#8221;4.22.0&#8243; _module_preset=&#8221;default&#8221; global_colors_info=&#8221;{}&#8221;][et_pb_text _builder_version=&#8221;4.27.4&#8243; _module_preset=&#8221;98a71e6b-0f99-4725-949b-5812e18ad345&#8243; header_4_text_color=&#8221;gcid-8c8ec2a5-170b-4f45-b8e5-66e7efcb0585&#8243; global_colors_info=&#8221;{%22gcid-8c8ec2a5-170b-4f45-b8e5-66e7efcb0585%22:%91%22header_4_text_color%22%93}&#8221;]<\/p>\n<h4>Nuestros servicios<\/h4>\n<p>[\/et_pb_text][et_pb_text _builder_version=&#8221;4.22.0&#8243; _module_preset=&#8221;a31fe1d2-3e02-4556-8c23-e5638180689c&#8221; max_width=&#8221;800px&#8221; global_colors_info=&#8221;{}&#8221;]<\/p>\n<h2>Servicios profesionales y asesoramiento a tu medida<\/h2>\n<p>[\/et_pb_text][\/et_pb_column][\/et_pb_row][et_pb_row column_structure=&#8221;1_3,1_3,1_3&#8243; custom_padding_last_edited=&#8221;on|desktop&#8221; _builder_version=&#8221;4.22.0&#8243; _module_preset=&#8221;default&#8221; custom_padding_tablet=&#8221;||0px||false|false&#8221; custom_padding_phone=&#8221;||0px||false|false&#8221; locked=&#8221;off&#8221; global_colors_info=&#8221;{}&#8221;][et_pb_column type=&#8221;1_3&#8243; _builder_version=&#8221;4.22.0&#8243; _module_preset=&#8221;default&#8221; background_color=&#8221;gcid-9492cd86-75b3-40fa-b1eb-f96ae74dc429&#8243; overflow-x=&#8221;visible&#8221; overflow-y=&#8221;visible&#8221; custom_padding=&#8221;40px|30px|40px|30px|true|true&#8221; custom_padding_tablet=&#8221;30px|30px|30px|30px|true|true&#8221; custom_padding_phone=&#8221;20px|20px|20px|20px|true|true&#8221; custom_padding_last_edited=&#8221;on|phone&#8221; border_radii=&#8221;on|30px|30px|30px|30px&#8221; global_colors_info=&#8221;{%22gcid-9492cd86-75b3-40fa-b1eb-f96ae74dc429%22:%91%22background_color%22%93}&#8221;][et_pb_text _builder_version=&#8221;4.27.4&#8243; _module_preset=&#8221;98a71e6b-0f99-4725-949b-5812e18ad345&#8243; custom_margin=&#8221;||10px||false|false&#8221; global_colors_info=&#8221;{}&#8221;]<\/p>\n<h4>Gesti\u00f3n de personal<\/h4>\n<p>[\/et_pb_text][et_pb_image src=&#8221;https:\/\/www.sunplex.es\/wp-content\/uploads\/2024\/12\/consulting-41-v2.png&#8221; title_text=&#8221;consulting-41-v2&#8243; _builder_version=&#8221;4.27.4&#8243; _module_preset=&#8221;default&#8221; max_width=&#8221;100px&#8221; max_height=&#8221;100px&#8221; hover_enabled=&#8221;0&#8243; global_colors_info=&#8221;{}&#8221; sticky_enabled=&#8221;0&#8243;][\/et_pb_image][et_pb_text _builder_version=&#8221;4.22.0&#8243; _module_preset=&#8221;31249b1b-0a3b-457f-9b2e-c77fbab32182&#8243; custom_margin=&#8221;||10px||false|false&#8221; global_colors_info=&#8221;{}&#8221;]<\/p>\n<h5>Gesti\u00f3n Laboral<\/h5>\n<p>[\/et_pb_text][et_pb_text _builder_version=&#8221;4.22.0&#8243; _module_preset=&#8221;61e0c57e-3ce7-49bc-92be-4b1581705663&#8243; global_colors_info=&#8221;{}&#8221;]<\/p>\n<ul>\n<li class=\"whitespace-normal break-words\" index=\"0\">Altas y bajas de trabajadores<\/li>\n<li class=\"whitespace-normal break-words\" index=\"1\">Contratos de trabajo<\/li>\n<li class=\"whitespace-normal break-words\" index=\"2\">Gesti\u00f3n de n\u00f3minas<\/li>\n<li class=\"whitespace-normal break-words\" index=\"3\">Tramitaci\u00f3n de bajas m\u00e9dicas<\/li>\n<li class=\"whitespace-normal break-words\" index=\"4\">Control de costes salariales<\/li>\n<\/ul>\n<p>[\/et_pb_text][\/et_pb_column][et_pb_column type=&#8221;1_3&#8243; _builder_version=&#8221;4.22.0&#8243; _module_preset=&#8221;default&#8221; background_color=&#8221;gcid-9492cd86-75b3-40fa-b1eb-f96ae74dc429&#8243; overflow-x=&#8221;visible&#8221; overflow-y=&#8221;visible&#8221; custom_padding=&#8221;40px|30px|40px|30px|true|true&#8221; custom_padding_tablet=&#8221;30px|30px|30px|30px|true|true&#8221; custom_padding_phone=&#8221;20px|20px|20px|20px|true|true&#8221; custom_padding_last_edited=&#8221;on|phone&#8221; border_radii=&#8221;on|30px|30px|30px|30px&#8221; global_colors_info=&#8221;{%22gcid-9492cd86-75b3-40fa-b1eb-f96ae74dc429%22:%91%22background_color%22,%22background_color%22%93}&#8221;][et_pb_text _builder_version=&#8221;4.22.0&#8243; _module_preset=&#8221;98a71e6b-0f99-4725-949b-5812e18ad345&#8243; custom_margin=&#8221;||10px||false|false&#8221; global_colors_info=&#8221;{}&#8221;]<\/p>\n<h4>gesti\u00f3n preventiva<\/h4>\n<p>[\/et_pb_text][et_pb_image src=&#8221;https:\/\/www.sunplex.es\/wp-content\/uploads\/2024\/12\/consulting-37-v2.png&#8221; title_text=&#8221;consulting-37-v2&#8243; _builder_version=&#8221;4.27.4&#8243; _module_preset=&#8221;default&#8221; max_width=&#8221;100px&#8221; max_height=&#8221;100px&#8221; hover_enabled=&#8221;0&#8243; locked=&#8221;off&#8221; global_colors_info=&#8221;{}&#8221; sticky_enabled=&#8221;0&#8243;][\/et_pb_image][et_pb_text _builder_version=&#8221;4.27.4&#8243; _module_preset=&#8221;31249b1b-0a3b-457f-9b2e-c77fbab32182&#8243; custom_margin=&#8221;||10px||false|false&#8221; global_colors_info=&#8221;{}&#8221;]<\/p>\n<h5>Seguridad Social<\/h5>\n<p>[\/et_pb_text][et_pb_text _builder_version=&#8221;4.22.0&#8243; _module_preset=&#8221;61e0c57e-3ce7-49bc-92be-4b1581705663&#8243; global_colors_info=&#8221;{}&#8221;]<\/p>\n<ul>\n<li class=\"whitespace-normal break-words\" index=\"0\">Altas de empresa en Seguridad Social<\/li>\n<li class=\"whitespace-normal break-words\" index=\"1\">Gesti\u00f3n de cotizaciones<\/li>\n<li class=\"whitespace-normal break-words\" index=\"2\">Tramitaci\u00f3n de accidentes laborales<\/li>\n<li class=\"whitespace-normal break-words\" index=\"3\">Gesti\u00f3n de reg\u00edmenes especiales<\/li>\n<li class=\"whitespace-normal break-words\" index=\"4\">Altas y bajas de aut\u00f3nomos<\/li>\n<\/ul>\n<p>[\/et_pb_text][\/et_pb_column][et_pb_column type=&#8221;1_3&#8243; _builder_version=&#8221;4.22.0&#8243; _module_preset=&#8221;default&#8221; background_color=&#8221;gcid-9492cd86-75b3-40fa-b1eb-f96ae74dc429&#8243; overflow-x=&#8221;visible&#8221; overflow-y=&#8221;visible&#8221; custom_padding=&#8221;40px|30px|40px|30px|true|true&#8221; custom_padding_tablet=&#8221;30px|30px|30px|30px|true|true&#8221; custom_padding_phone=&#8221;20px|20px|20px|20px|true|true&#8221; custom_padding_last_edited=&#8221;on|phone&#8221; border_radii=&#8221;on|30px|30px|30px|30px&#8221; global_colors_info=&#8221;{%22gcid-9492cd86-75b3-40fa-b1eb-f96ae74dc429%22:%91%22background_color%22,%22background_color%22%93}&#8221;][et_pb_text _builder_version=&#8221;4.22.0&#8243; _module_preset=&#8221;98a71e6b-0f99-4725-949b-5812e18ad345&#8243; custom_margin=&#8221;||10px||false|false&#8221; global_colors_info=&#8221;{}&#8221;]<\/p>\n<h4>Optimizaci\u00f3n tributaria<\/h4>\n<p>[\/et_pb_text][et_pb_image src=&#8221;https:\/\/www.sunplex.es\/wp-content\/uploads\/2024\/12\/consulting-38.png&#8221; title_text=&#8221;consulting-38&#8243; _builder_version=&#8221;4.27.4&#8243; _module_preset=&#8221;default&#8221; max_width=&#8221;100px&#8221; max_height=&#8221;100px&#8221; hover_enabled=&#8221;0&#8243; locked=&#8221;off&#8221; global_colors_info=&#8221;{}&#8221; sticky_enabled=&#8221;0&#8243;][\/et_pb_image][et_pb_text _builder_version=&#8221;4.27.4&#8243; _module_preset=&#8221;31249b1b-0a3b-457f-9b2e-c77fbab32182&#8243; custom_margin=&#8221;||10px||false|false&#8221; global_colors_info=&#8221;{}&#8221;]<\/p>\n<h5>Asesor\u00eda Fiscal<\/h5>\n<p>[\/et_pb_text][et_pb_text _builder_version=&#8221;4.22.0&#8243; _module_preset=&#8221;61e0c57e-3ce7-49bc-92be-4b1581705663&#8243; global_colors_info=&#8221;{}&#8221;]<\/p>\n<ul>\n<li class=\"whitespace-normal break-words\" index=\"0\">Declaraciones fiscales<\/li>\n<li class=\"whitespace-normal break-words\" index=\"1\">Planificaci\u00f3n tributaria<\/li>\n<li class=\"whitespace-normal break-words\" index=\"2\">Gesti\u00f3n de impuestos<\/li>\n<li class=\"whitespace-normal break-words\" index=\"3\">Optimizaci\u00f3n fiscal<\/li>\n<li class=\"whitespace-normal break-words\" index=\"4\">Presentaciones telem\u00e1ticas<\/li>\n<\/ul>\n<p>[\/et_pb_text][\/et_pb_column][\/et_pb_row][et_pb_row column_structure=&#8221;1_3,1_3,1_3&#8243; _builder_version=&#8221;4.22.0&#8243; _module_preset=&#8221;default&#8221; locked=&#8221;off&#8221; global_colors_info=&#8221;{}&#8221;][et_pb_column type=&#8221;1_3&#8243; _builder_version=&#8221;4.22.0&#8243; _module_preset=&#8221;default&#8221; background_color=&#8221;gcid-9492cd86-75b3-40fa-b1eb-f96ae74dc429&#8243; overflow-x=&#8221;visible&#8221; overflow-y=&#8221;visible&#8221; custom_padding=&#8221;40px|30px|40px|30px|true|true&#8221; custom_padding_tablet=&#8221;30px|30px|30px|30px|true|true&#8221; custom_padding_phone=&#8221;20px|20px|20px|20px|true|true&#8221; custom_padding_last_edited=&#8221;on|phone&#8221; border_radii=&#8221;on|30px|30px|30px|30px&#8221; global_colors_info=&#8221;{%22gcid-9492cd86-75b3-40fa-b1eb-f96ae74dc429%22:%91%22background_color%22,%22background_color%22%93}&#8221;][et_pb_text _builder_version=&#8221;4.27.4&#8243; _module_preset=&#8221;98a71e6b-0f99-4725-949b-5812e18ad345&#8243; custom_margin=&#8221;||10px||false|false&#8221; global_colors_info=&#8221;{}&#8221;]<\/p>\n<h4>gesti\u00f3n contable<\/h4>\n<p>[\/et_pb_text][et_pb_image src=&#8221;https:\/\/www.sunplex.es\/wp-content\/uploads\/2024\/12\/consulting-39-v2.png&#8221; title_text=&#8221;consulting-39-v2&#8243; _builder_version=&#8221;4.27.4&#8243; _module_preset=&#8221;default&#8221; max_width=&#8221;100px&#8221; max_height=&#8221;100px&#8221; hover_enabled=&#8221;0&#8243; locked=&#8221;off&#8221; global_colors_info=&#8221;{}&#8221; sticky_enabled=&#8221;0&#8243;][\/et_pb_image][et_pb_text _builder_version=&#8221;4.22.0&#8243; _module_preset=&#8221;31249b1b-0a3b-457f-9b2e-c77fbab32182&#8243; custom_margin=&#8221;||10px||false|false&#8221; global_colors_info=&#8221;{}&#8221;]<\/p>\n<h5>Contabilidad<\/h5>\n<p>[\/et_pb_text][et_pb_text _builder_version=&#8221;4.22.0&#8243; _module_preset=&#8221;61e0c57e-3ce7-49bc-92be-4b1581705663&#8243; global_colors_info=&#8221;{}&#8221;]<\/p>\n<ul>\n<li class=\"whitespace-normal break-words\" index=\"0\">Balances de situaci\u00f3n<\/li>\n<li class=\"whitespace-normal break-words\" index=\"1\">Cuentas anuales<\/li>\n<li class=\"whitespace-normal break-words\" index=\"2\">Libros oficiales<\/li>\n<li class=\"whitespace-normal break-words\" index=\"3\">Estados financieros<\/li>\n<li class=\"whitespace-normal break-words\" index=\"4\">Control presupuestario<\/li>\n<\/ul>\n<p>[\/et_pb_text][\/et_pb_column][et_pb_column type=&#8221;1_3&#8243; _builder_version=&#8221;4.22.0&#8243; _module_preset=&#8221;default&#8221; background_color=&#8221;gcid-9492cd86-75b3-40fa-b1eb-f96ae74dc429&#8243; overflow-x=&#8221;visible&#8221; overflow-y=&#8221;visible&#8221; custom_padding=&#8221;40px|30px|40px|30px|true|true&#8221; custom_padding_tablet=&#8221;30px|30px|30px|30px|true|true&#8221; custom_padding_phone=&#8221;20px|20px|20px|20px|true|true&#8221; custom_padding_last_edited=&#8221;on|phone&#8221; border_radii=&#8221;on|30px|30px|30px|30px&#8221; global_colors_info=&#8221;{%22gcid-9492cd86-75b3-40fa-b1eb-f96ae74dc429%22:%91%22background_color%22,%22background_color%22%93}&#8221;][et_pb_text _builder_version=&#8221;4.27.4&#8243; _module_preset=&#8221;98a71e6b-0f99-4725-949b-5812e18ad345&#8243; custom_margin=&#8221;||10px||false|false&#8221; global_colors_info=&#8221;{}&#8221;]<\/p>\n<h4>cobertura y seguridad<\/h4>\n<p>[\/et_pb_text][et_pb_image src=&#8221;https:\/\/www.sunplex.es\/wp-content\/uploads\/2024\/12\/consulting-40-v2.png&#8221; title_text=&#8221;consulting-40-v2&#8243; _builder_version=&#8221;4.27.4&#8243; _module_preset=&#8221;default&#8221; max_width=&#8221;100px&#8221; max_height=&#8221;100px&#8221; hover_enabled=&#8221;0&#8243; locked=&#8221;off&#8221; global_colors_info=&#8221;{}&#8221; sticky_enabled=&#8221;0&#8243;][\/et_pb_image][et_pb_text _builder_version=&#8221;4.22.0&#8243; _module_preset=&#8221;31249b1b-0a3b-457f-9b2e-c77fbab32182&#8243; custom_margin=&#8221;||10px||false|false&#8221; global_colors_info=&#8221;{}&#8221;]<\/p>\n<h5>Seguros y Prevenci\u00f3n<\/h5>\n<p>[\/et_pb_text][et_pb_text _builder_version=&#8221;4.22.0&#8243; _module_preset=&#8221;61e0c57e-3ce7-49bc-92be-4b1581705663&#8243; global_colors_info=&#8221;{}&#8221;]<\/p>\n<ul>\n<li class=\"whitespace-normal break-words\" index=\"0\">Seguros colectivos<\/li>\n<li class=\"whitespace-normal break-words\" index=\"1\">Seguros de convenio<\/li>\n<li class=\"whitespace-normal break-words\" index=\"2\">An\u00e1lisis de riesgos laborales<\/li>\n<li class=\"whitespace-normal break-words\" index=\"3\">Gesti\u00f3n de coberturas<\/li>\n<li class=\"whitespace-normal break-words\" index=\"4\">Asesoramiento en prevenci\u00f3n<\/li>\n<\/ul>\n<p>[\/et_pb_text][\/et_pb_column][et_pb_column type=&#8221;1_3&#8243; _builder_version=&#8221;4.22.0&#8243; _module_preset=&#8221;default&#8221; background_color=&#8221;gcid-9492cd86-75b3-40fa-b1eb-f96ae74dc429&#8243; overflow-x=&#8221;visible&#8221; overflow-y=&#8221;visible&#8221; custom_padding=&#8221;40px|30px|40px|30px|true|true&#8221; custom_padding_tablet=&#8221;30px|30px|30px|30px|true|true&#8221; custom_padding_phone=&#8221;20px|20px|20px|20px|true|true&#8221; custom_padding_last_edited=&#8221;on|phone&#8221; border_radii=&#8221;on|30px|30px|30px|30px&#8221; global_colors_info=&#8221;{%22gcid-9492cd86-75b3-40fa-b1eb-f96ae74dc429%22:%91%22background_color%22,%22background_color%22%93}&#8221;][et_pb_text _builder_version=&#8221;4.27.4&#8243; _module_preset=&#8221;98a71e6b-0f99-4725-949b-5812e18ad345&#8243; custom_margin=&#8221;||10px||false|false&#8221; global_colors_info=&#8221;{}&#8221;]<\/p>\n<h4>planes de negocio<\/h4>\n<p>[\/et_pb_text][et_pb_image src=&#8221;https:\/\/www.sunplex.es\/wp-content\/uploads\/2024\/12\/consulting-42-v2.png&#8221; title_text=&#8221;consulting-42-v2&#8243; _builder_version=&#8221;4.27.4&#8243; _module_preset=&#8221;default&#8221; max_width=&#8221;100px&#8221; max_height=&#8221;100px&#8221; hover_enabled=&#8221;0&#8243; locked=&#8221;off&#8221; global_colors_info=&#8221;{}&#8221; sticky_enabled=&#8221;0&#8243;][\/et_pb_image][et_pb_text _builder_version=&#8221;4.22.0&#8243; _module_preset=&#8221;31249b1b-0a3b-457f-9b2e-c77fbab32182&#8243; custom_margin=&#8221;||10px||false|false&#8221; global_colors_info=&#8221;{}&#8221;]<\/p>\n<h5>Consultor\u00eda Empresarial<\/h5>\n<p>[\/et_pb_text][et_pb_text _builder_version=&#8221;4.22.0&#8243; _module_preset=&#8221;61e0c57e-3ce7-49bc-92be-4b1581705663&#8243; global_colors_info=&#8221;{}&#8221;]<\/p>\n<ul>\n<li class=\"whitespace-normal break-words\" index=\"0\">An\u00e1lisis econ\u00f3mico<\/li>\n<li class=\"whitespace-normal break-words\" index=\"1\">Proyecciones financieras<\/li>\n<li class=\"whitespace-normal break-words\" index=\"2\">Optimizaci\u00f3n de recursos<\/li>\n<li class=\"whitespace-normal break-words\" index=\"3\">Subvenciones y bonificaciones<\/li>\n<li class=\"whitespace-normal break-words\" index=\"4\">Asesoramiento estrat\u00e9gico<\/li>\n<\/ul>\n<p>[\/et_pb_text][\/et_pb_column][\/et_pb_row][\/et_pb_section][et_pb_section fb_built=&#8221;1&#8243; admin_label=&#8221;Feature&#8221; _builder_version=&#8221;4.22.0&#8243; _module_preset=&#8221;default&#8221; collapsed=&#8221;on&#8221; global_colors_info=&#8221;{}&#8221;][et_pb_row column_structure=&#8221;1_2,1_2&#8243; _builder_version=&#8221;4.22.0&#8243; _module_preset=&#8221;default&#8221; global_colors_info=&#8221;{}&#8221;][et_pb_column type=&#8221;1_2&#8243; _builder_version=&#8221;4.22.0&#8243; _module_preset=&#8221;default&#8221; custom_padding=&#8221;60px||60px||true|false&#8221; custom_padding_tablet=&#8221;0px||0px||true|false&#8221; custom_padding_phone=&#8221;0px||0px||true|false&#8221; custom_padding_last_edited=&#8221;on|desktop&#8221; global_colors_info=&#8221;{}&#8221;][et_pb_text _builder_version=&#8221;4.22.0&#8243; _module_preset=&#8221;a31fe1d2-3e02-4556-8c23-e5638180689c&#8221; custom_margin=&#8221;||10px||false|false&#8221; global_colors_info=&#8221;{}&#8221;]<\/p>\n<h2>Soluciones integrales para el \u00e9xito empresarial<\/h2>\n<p>[\/et_pb_text][et_pb_text _builder_version=&#8221;4.22.0&#8243; _module_preset=&#8221;94520cc3-2c66-4d0e-afcf-cd365055a9fc&#8221; global_colors_info=&#8221;{}&#8221;]<\/p>\n<p>Nuestro equipo de profesionales ofrece un servicio completo en gesti\u00f3n laboral, fiscal, contable y empresarial, garantizando un asesoramiento experto y personalizado para impulsar el crecimiento de tu negocio. Nos mantenemos constantemente actualizados para ofrecerte las mejores soluciones adaptadas a las necesidades espec\u00edficas de tu empresa.<\/p>\n<p>[\/et_pb_text][\/et_pb_column][et_pb_column type=&#8221;1_2&#8243; _builder_version=&#8221;4.22.0&#8243; _module_preset=&#8221;default&#8221; global_colors_info=&#8221;{}&#8221;][et_pb_image src=&#8221;https:\/\/sunplex.es\/wp-content\/uploads\/2024\/09\/consulting-14.jpg&#8221; title_text=&#8221;consulting-14&#8243; _builder_version=&#8221;4.27.4&#8243; _module_preset=&#8221;default&#8221; custom_margin=&#8221;|-10vw|||false|false&#8221; custom_margin_tablet=&#8221;|0vw|||false|false&#8221; custom_margin_phone=&#8221;|0vw|||false|false&#8221; custom_margin_last_edited=&#8221;on|tablet&#8221; border_radii=&#8221;on|40px|40px|40px|40px&#8221; global_colors_info=&#8221;{}&#8221;][\/et_pb_image][\/et_pb_column][\/et_pb_row][\/et_pb_section]<\/p>\n","protected":false},"excerpt":{"rendered":"<p>Descubre nuestros servicios profesionales de asesor\u00eda: gesti\u00f3n laboral, Seguridad Social, contabilidad, fiscalidad, seguros y consultor\u00eda empresarial. Soluciones adaptadas a tu negocio.<\/p>\n","protected":false},"author":1,"featured_media":0,"parent":0,"menu_order":0,"comment_status":"closed","ping_status":"closed","template":"","meta":{"_et_pb_use_builder":"on","_et_pb_old_content":"","_et_gb_content_width":"","footnotes":""},"class_list":["post-224731","page","type-page","status-publish","hentry"],"yoast_head":"<!-- This site is optimized with the Yoast SEO plugin v27.3 - https:\/\/yoast.com\/product\/yoast-seo-wordpress\/ -->\n<title>Servicios<\/title>\n<meta name=\"robots\" content=\"index, follow, max-snippet:-1, max-image-preview:large, max-video-preview:-1\" \/>\n<link rel=\"canonical\" href=\"https:\/\/www.sunplex.es\/en\/servicios\/\" \/>\n<meta property=\"og:locale\" content=\"en_US\" \/>\n<meta property=\"og:locale:alternate\" content=\"es_ES\" \/>\n<meta property=\"og:type\" content=\"article\" \/>\n<meta property=\"og:title\" content=\"Servicios\" \/>\n<meta property=\"og:description\" content=\"Descubre nuestros servicios profesionales de asesor\u00eda: gesti\u00f3n laboral, Seguridad Social, contabilidad, fiscalidad, seguros y consultor\u00eda empresarial. Soluciones adaptadas a tu negocio.\" \/>\n<meta property=\"og:url\" content=\"https:\/\/www.sunplex.es\/en\/servicios\/\" \/>\n<meta property=\"og:site_name\" content=\"sunplex\" \/>\n<meta property=\"article:modified_time\" content=\"2024-12-23T13:56:51+00:00\" \/>\n<meta name=\"twitter:card\" content=\"summary_large_image\" \/>\n<meta name=\"twitter:label1\" content=\"Est. reading time\" \/>\n\t<meta name=\"twitter:data1\" content=\"10 minutes\" \/>\n<script type=\"application\/ld+json\" class=\"yoast-schema-graph\">{\"@context\":\"https:\\\/\\\/schema.org\",\"@graph\":[{\"@type\":\"WebPage\",\"@id\":\"https:\\\/\\\/www.sunplex.es\\\/servicios\\\/\",\"url\":\"https:\\\/\\\/www.sunplex.es\\\/servicios\\\/\",\"name\":\"Servicios\",\"isPartOf\":{\"@id\":\"https:\\\/\\\/www.sunplex.es\\\/en\\\/#website\"},\"datePublished\":\"2024-09-08T16:36:09+00:00\",\"dateModified\":\"2024-12-23T13:56:51+00:00\",\"breadcrumb\":{\"@id\":\"https:\\\/\\\/www.sunplex.es\\\/servicios\\\/#breadcrumb\"},\"inLanguage\":\"en-US\",\"potentialAction\":[{\"@type\":\"ReadAction\",\"target\":[\"https:\\\/\\\/www.sunplex.es\\\/servicios\\\/\"]}]},{\"@type\":\"BreadcrumbList\",\"@id\":\"https:\\\/\\\/www.sunplex.es\\\/servicios\\\/#breadcrumb\",\"itemListElement\":[{\"@type\":\"ListItem\",\"position\":1,\"name\":\"Portada\",\"item\":\"https:\\\/\\\/www.sunplex.es\\\/\"},{\"@type\":\"ListItem\",\"position\":2,\"name\":\"Servicios\"}]},{\"@type\":\"WebSite\",\"@id\":\"https:\\\/\\\/www.sunplex.es\\\/en\\\/#website\",\"url\":\"https:\\\/\\\/www.sunplex.es\\\/en\\\/\",\"name\":\"sunplex\",\"description\":\"servicios sectoriales\",\"potentialAction\":[{\"@type\":\"SearchAction\",\"target\":{\"@type\":\"EntryPoint\",\"urlTemplate\":\"https:\\\/\\\/www.sunplex.es\\\/en\\\/?s={search_term_string}\"},\"query-input\":{\"@type\":\"PropertyValueSpecification\",\"valueRequired\":true,\"valueName\":\"search_term_string\"}}],\"inLanguage\":\"en-US\"}]}<\/script>\n<!-- \/ Yoast SEO plugin. -->","yoast_head_json":{"title":"Servicios","robots":{"index":"index","follow":"follow","max-snippet":"max-snippet:-1","max-image-preview":"max-image-preview:large","max-video-preview":"max-video-preview:-1"},"canonical":"https:\/\/www.sunplex.es\/en\/servicios\/","og_locale":"en_US","og_type":"article","og_title":"[:es]Servicios[:] - sunplex","og_description":"Descubre nuestros servicios profesionales de asesor\u00eda: gesti\u00f3n laboral, Seguridad Social, contabilidad, fiscalidad, seguros y consultor\u00eda empresarial. Soluciones adaptadas a tu negocio.","og_url":"https:\/\/www.sunplex.es\/en\/servicios\/","og_site_name":"sunplex","article_modified_time":"2024-12-23T13:56:51+00:00","twitter_card":"summary_large_image","twitter_misc":{"Est. reading time":"10 minutes"},"schema":{"@context":"https:\/\/schema.org","@graph":[{"@type":"WebPage","@id":"https:\/\/www.sunplex.es\/servicios\/","url":"https:\/\/www.sunplex.es\/servicios\/","name":"Servicios","isPartOf":{"@id":"https:\/\/www.sunplex.es\/en\/#website"},"datePublished":"2024-09-08T16:36:09+00:00","dateModified":"2024-12-23T13:56:51+00:00","breadcrumb":{"@id":"https:\/\/www.sunplex.es\/servicios\/#breadcrumb"},"inLanguage":"en-US","potentialAction":[{"@type":"ReadAction","target":["https:\/\/www.sunplex.es\/servicios\/"]}]},{"@type":"BreadcrumbList","@id":"https:\/\/www.sunplex.es\/servicios\/#breadcrumb","itemListElement":[{"@type":"ListItem","position":1,"name":"Portada","item":"https:\/\/www.sunplex.es\/"},{"@type":"ListItem","position":2,"name":"Servicios"}]},{"@type":"WebSite","@id":"https:\/\/www.sunplex.es\/en\/#website","url":"https:\/\/www.sunplex.es\/en\/","name":"sunplex","description":"servicios sectoriales","potentialAction":[{"@type":"SearchAction","target":{"@type":"EntryPoint","urlTemplate":"https:\/\/www.sunplex.es\/en\/?s={search_term_string}"},"query-input":{"@type":"PropertyValueSpecification","valueRequired":true,"valueName":"search_term_string"}}],"inLanguage":"en-US"}]}},"_links":{"self":[{"href":"https:\/\/www.sunplex.es\/en\/wp-json\/wp\/v2\/pages\/224731","targetHints":{"allow":["GET"]}}],"collection":[{"href":"https:\/\/www.sunplex.es\/en\/wp-json\/wp\/v2\/pages"}],"about":[{"href":"https:\/\/www.sunplex.es\/en\/wp-json\/wp\/v2\/types\/page"}],"author":[{"embeddable":true,"href":"https:\/\/www.sunplex.es\/en\/wp-json\/wp\/v2\/users\/1"}],"replies":[{"embeddable":true,"href":"https:\/\/www.sunplex.es\/en\/wp-json\/wp\/v2\/comments?post=224731"}],"version-history":[{"count":14,"href":"https:\/\/www.sunplex.es\/en\/wp-json\/wp\/v2\/pages\/224731\/revisions"}],"predecessor-version":[{"id":224917,"href":"https:\/\/www.sunplex.es\/en\/wp-json\/wp\/v2\/pages\/224731\/revisions\/224917"}],"wp:attachment":[{"href":"https:\/\/www.sunplex.es\/en\/wp-json\/wp\/v2\/media?parent=224731"}],"curies":[{"name":"wp","href":"https:\/\/api.w.org\/{rel}","templated":true}]}}